{"id":1024,"date":"2018-03-20T18:33:16","date_gmt":"2018-03-20T17:33:16","guid":{"rendered":"http:\/\/aappmaverdoncolostre.fr\/?page_id=1024"},"modified":"2020-02-09T21:13:46","modified_gmt":"2020-02-09T20:13:46","slug":"pour-comprendre","status":"publish","type":"page","link":"https:\/\/aappmaverdoncolostre.fr\/index.php\/divers\/pour-comprendre\/","title":{"rendered":"Pour comprendre"},"content":{"rendered":"<h4><span style=\"font-family: Comic Sans MS, sans-serif; color: #000000;\">Comprendre pour mieux g\u00e9rer et prot\u00e9ger:<\/span><\/h4>\n<p><span style=\"font-family: Comic Sans MS, sans-serif; color: #000000;\">La p\u00eache ne se r\u00e9duit pas \u00e0 la seule capture d&#8217;un poisson. En plus du droit de p\u00eache, nous avons un devoir de protection des milieux aquatiques car sans rivi\u00e8re en bonne sant\u00e9, notre activit\u00e9 n&#8217;a pas d&#8217;avenir. <\/span><\/p>\n<p><span style=\"font-family: Comic Sans MS, sans-serif; color: #000000;\">Chaque citoyen doit devenir conscient des vrais enjeux de la gestion et la restauration des cours d&#8217;eau et en glisser un mot aux \u00e9lus qui le repr\u00e9sentent. Ce sont les prises de d\u00e9cision sur le long terme qui engagent l&#8217;avenir de nos rivi\u00e8res. <\/span><\/p>\n<p><span style=\"font-family: Comic Sans MS, sans-serif; color: #000000;\">Ces petits films r\u00e9alis\u00e9s par l&#8217;Agence de l&#8217;Eau sont destin\u00e9s \u00e0 nous sensibiliser au fonctionnement des cours d&#8217;eau et aux d\u00e9cisions politiques qui doivent en d\u00e9couler.<\/span><\/p>\n<h4><span style=\"font-family: Comic Sans MS, sans-serif; color: #000000;\">Redonnons-libre-cours-\u00e0-nos-rivieres :<br \/>\n<\/span><\/h4>\n<div style=\"width: 780px;\" class=\"wp-video\"><!--[if lt IE 9]><script>document.createElement('video');<\/script><![endif]-->\n<video class=\"wp-video-shortcode\" id=\"video-1024-1\" width=\"780\" height=\"439\" poster=\"http:\/\/aappmaverdoncolostre.fr\/wp-content\/uploads\/2018\/03\/Redonnons-libre-cours-\u00e0-nos-rivieres.jpg\" preload=\"metadata\" controls=\"controls\"><source type=\"video\/mp4\" src=\"http:\/\/aappmaverdoncolostre.fr\/wp-content\/uploads\/2018\/03\/Redonnons-libre-cours-\u00e0-nos-rivieres.mp4?_=1\" \/><a href=\"http:\/\/aappmaverdoncolostre.fr\/wp-content\/uploads\/2018\/03\/Redonnons-libre-cours-\u00e0-nos-rivieres.mp4\">http:\/\/aappmaverdoncolostre.fr\/wp-content\/uploads\/2018\/03\/Redonnons-libre-cours-\u00e0-nos-rivieres.mp4<\/a><\/video><\/div>\n<h4><\/h4>\n<h4><span style=\"font-family: Comic Sans MS, sans-serif; color: #000000;\">Zones humides Zone utiles :<\/span><\/h4>\n<div style=\"width: 780px;\" class=\"wp-video\"><video class=\"wp-video-shortcode\" id=\"video-1024-2\" width=\"780\" height=\"439\" poster=\"http:\/\/aappmaverdoncolostre.fr\/wp-content\/uploads\/2018\/03\/Zone-humide.jpg\" preload=\"metadata\" controls=\"controls\"><source type=\"video\/mp4\" src=\"http:\/\/aappmaverdoncolostre.fr\/wp-content\/uploads\/2018\/03\/Zones-humides-zones-utiles-agissons.mp4?_=2\" \/><a href=\"http:\/\/aappmaverdoncolostre.fr\/wp-content\/uploads\/2018\/03\/Zones-humides-zones-utiles-agissons.mp4\">http:\/\/aappmaverdoncolostre.fr\/wp-content\/uploads\/2018\/03\/Zones-humides-zones-utiles-agissons.mp4<\/a><\/video><\/div>\n<h4><\/h4>\n<h4><span style=\"font-family: Comic Sans MS, sans-serif; color: #000000;\">Une nouvelle gestion des rivi\u00e8res :<\/span><\/h4>\n<div style=\"width: 780px;\" class=\"wp-video\"><video class=\"wp-video-shortcode\" id=\"video-1024-3\" width=\"780\" height=\"439\" poster=\"http:\/\/aappmaverdoncolostre.fr\/wp-content\/uploads\/2018\/03\/Une-nouvelle-gestion.jpg\" preload=\"metadata\" controls=\"controls\"><source type=\"video\/mp4\" src=\"http:\/\/aappmaverdoncolostre.fr\/wp-content\/uploads\/2018\/03\/Une-nouvelle-gestion-des-rivieres-arrive-a-lheure-de-la-gemapi.mp4?_=3\" \/><a href=\"http:\/\/aappmaverdoncolostre.fr\/wp-content\/uploads\/2018\/03\/Une-nouvelle-gestion-des-rivieres-arrive-a-lheure-de-la-gemapi.mp4\">http:\/\/aappmaverdoncolostre.fr\/wp-content\/uploads\/2018\/03\/Une-nouvelle-gestion-des-rivieres-arrive-a-lheure-de-la-gemapi.mp4<\/a><\/video><\/div>\n","protected":false},"excerpt":{"rendered":"<p>Comprendre pour mieux g\u00e9rer et prot\u00e9ger: La p\u00eache ne se r\u00e9duit pas \u00e0 la seule capture d&#8217;un poisson. En plus du droit de p\u00eache, nous avons un devoir de protection des milieux aquatiques car sans rivi\u00e8re en bonne sant\u00e9, notre activit\u00e9 n&#8217;a pas d&#8217;avenir. Chaque citoyen doit devenir conscient des vrais enjeux de la gestion [&hellip;]<\/p>\n","protected":false},"author":1,"featured_media":0,"parent":524,"menu_order":0,"comment_status":"closed","ping_status":"closed","template":"","meta":[],"yoast_head":"<!-- This site is optimized with the Yoast SEO plugin v14.9 - https:\/\/yoast.com\/wordpress\/plugins\/seo\/ -->\n<title>Pour comprendre - AAPPMA Verdon Colostre<\/title>\n<meta name=\"robots\" content=\"index, follow, max-snippet:-1, max-image-preview:large, max-video-preview:-1\" \/>\n<link rel=\"canonical\" href=\"http:\/\/aappmaverdoncolostre.fr\/index.php\/divers\/pour-comprendre\/\" \/>\n<meta property=\"og:locale\" content=\"fr_FR\" \/>\n<meta property=\"og:type\" content=\"article\" \/>\n<meta property=\"og:title\" content=\"Pour comprendre - AAPPMA Verdon Colostre\" \/>\n<meta property=\"og:description\" content=\"Comprendre pour mieux g\u00e9rer et prot\u00e9ger: La p\u00eache ne se r\u00e9duit pas \u00e0 la seule capture d&#8217;un poisson. En plus du droit de p\u00eache, nous avons un devoir de protection des milieux aquatiques car sans rivi\u00e8re en bonne sant\u00e9, notre activit\u00e9 n&#8217;a pas d&#8217;avenir. Chaque citoyen doit devenir conscient des vrais enjeux de la gestion [&hellip;]\" \/>\n<meta property=\"og:url\" content=\"http:\/\/aappmaverdoncolostre.fr\/index.php\/divers\/pour-comprendre\/\" \/>\n<meta property=\"og:site_name\" content=\"AAPPMA Verdon Colostre\" \/>\n<meta property=\"article:modified_time\" content=\"2020-02-09T20:13:46+00:00\" \/>\n<meta name=\"twitter:card\" content=\"summary_large_image\" \/>\n<script type=\"application\/ld+json\" class=\"yoast-schema-graph\">{\"@context\":\"https:\/\/schema.org\",\"@graph\":[{\"@type\":\"WebSite\",\"@id\":\"https:\/\/aappmaverdoncolostre.fr\/#website\",\"url\":\"https:\/\/aappmaverdoncolostre.fr\/\",\"name\":\"AAPPMA Verdon Colostre\",\"description\":\"P\\u00eacher dans le Verdon\",\"potentialAction\":[{\"@type\":\"SearchAction\",\"target\":\"https:\/\/aappmaverdoncolostre.fr\/?s={search_term_string}\",\"query-input\":\"required name=search_term_string\"}],\"inLanguage\":\"fr-FR\"},{\"@type\":\"WebPage\",\"@id\":\"http:\/\/aappmaverdoncolostre.fr\/index.php\/divers\/pour-comprendre\/#webpage\",\"url\":\"http:\/\/aappmaverdoncolostre.fr\/index.php\/divers\/pour-comprendre\/\",\"name\":\"Pour comprendre - AAPPMA Verdon Colostre\",\"isPartOf\":{\"@id\":\"https:\/\/aappmaverdoncolostre.fr\/#website\"},\"datePublished\":\"2018-03-20T17:33:16+00:00\",\"dateModified\":\"2020-02-09T20:13:46+00:00\",\"inLanguage\":\"fr-FR\",\"potentialAction\":[{\"@type\":\"ReadAction\",\"target\":[\"http:\/\/aappmaverdoncolostre.fr\/index.php\/divers\/pour-comprendre\/\"]}]}]}<\/script>\n<!-- \/ Yoast SEO plugin. -->","_links":{"self":[{"href":"https:\/\/aappmaverdoncolostre.fr\/index.php\/wp-json\/wp\/v2\/pages\/1024"}],"collection":[{"href":"https:\/\/aappmaverdoncolostre.fr\/index.php\/wp-json\/wp\/v2\/pages"}],"about":[{"href":"https:\/\/aappmaverdoncolostre.fr\/index.php\/wp-json\/wp\/v2\/types\/page"}],"author":[{"embeddable":true,"href":"https:\/\/aappmaverdoncolostre.fr\/index.php\/wp-json\/wp\/v2\/users\/1"}],"replies":[{"embeddable":true,"href":"https:\/\/aappmaverdoncolostre.fr\/index.php\/wp-json\/wp\/v2\/comments?post=1024"}],"version-history":[{"count":9,"href":"https:\/\/aappmaverdoncolostre.fr\/index.php\/wp-json\/wp\/v2\/pages\/1024\/revisions"}],"predecessor-version":[{"id":2121,"href":"https:\/\/aappmaverdoncolostre.fr\/index.php\/wp-json\/wp\/v2\/pages\/1024\/revisions\/2121"}],"up":[{"embeddable":true,"href":"https:\/\/aappmaverdoncolostre.fr\/index.php\/wp-json\/wp\/v2\/pages\/524"}],"wp:attachment":[{"href":"https:\/\/aappmaverdoncolostre.fr\/index.php\/wp-json\/wp\/v2\/media?parent=1024"}],"curies":[{"name":"wp","href":"https:\/\/api.w.org\/{rel}","templated":true}]}}