{"id":1045,"date":"2018-03-26T11:43:27","date_gmt":"2018-03-26T09:43:27","guid":{"rendered":"http:\/\/aappmaverdoncolostre.fr\/?page_id=1045"},"modified":"2025-02-26T15:55:13","modified_gmt":"2025-02-26T14:55:13","slug":"peche-a-traine","status":"publish","type":"page","link":"https:\/\/aappmaverdoncolostre.fr\/index.php\/reglementation\/peche-a-traine\/","title":{"rendered":"La p\u00eache \u00e0 la traine"},"content":{"rendered":"<p><span style=\"color: #000000;\"><span style=\"font-family: Comic Sans MS,sans-serif;\">Les grands lacs du Verdon (Esparron-de-Verdon, Quinson, Sainte-Croix) permettent la pratique de la p\u00eache \u00e0 la tra\u00eene <\/span><span style=\"font-family: Comic Sans MS,sans-serif;\"><img loading=\"lazy\" class=\"wp-image-1005 size-medium alignright\" src=\"http:\/\/aappmaverdoncolostre.fr\/wp-content\/uploads\/2018\/03\/p\u00eache-\u00e0-la-traine-sur-le-lac-desparron-225x300.jpg\" alt=\"\" width=\"225\" height=\"300\" srcset=\"https:\/\/aappmaverdoncolostre.fr\/wp-content\/uploads\/2018\/03\/p\u00eache-\u00e0-la-traine-sur-le-lac-desparron-225x300.jpg 225w, https:\/\/aappmaverdoncolostre.fr\/wp-content\/uploads\/2018\/03\/p\u00eache-\u00e0-la-traine-sur-le-lac-desparron.jpg 720w\" sizes=\"(max-width: 225px) 100vw, 225px\" \/><\/span><span style=\"font-family: Comic Sans MS,sans-serif;\">en bateau. Cette pratique est soumise \u00e0 une r\u00e9glementation sp\u00e9cifique :<\/span><\/span><\/p>\n<ul>\n<li><span style=\"font-family: Comic Sans MS, sans-serif; color: #000000;\">Ouverture du 26 avril au 31 d\u00e9cembre 2025.<br \/>\n<\/span><\/li>\n<li><span style=\"font-family: Comic Sans MS,sans-serif;\"><span style=\"color: #000000;\">Tout p\u00eacheur en action de p\u00eache doit \u00eatre en possession d&#8217;un fanion et d&#8217;un carnet annuel dont vous trouverez sur ce lien le formulaire de demande :<\/span> <\/span><a class=\"docEventTrack document\" href=\"http:\/\/www.peche04.fr\/2329-peche-a-la-traine.htm\" target=\"_blank\" rel=\"noopener noreferrer\" data-file_name=\"Imprime-Traine\" data-file_ext=\"PDF\"><span style=\"font-family: Comic Sans MS,sans-serif;\">T\u00e9l\u00e9chargez l&#8217;imprim\u00e9 de demande de carnet pour les lacs de Sainte Croix &#8211; Quinson &#8211; Esparron\/Gr\u00e9oux.<\/span><\/a><\/li>\n<\/ul>\n<p><span style=\"font-family: Comic Sans MS, sans-serif; color: #000000;\">Les carnets de p\u00eache \u00e0 la tra\u00eene sont d\u00e9livr\u00e9s \u00e0 titre on\u00e9reux au si\u00e8ge de la F\u00e9d\u00e9ration des Alpes de Haute-Provence : 30 \u20ac le carnet et 4 \u20ac le fanion.<\/span><\/p>\n<p><span style=\"font-family: Comic Sans MS, sans-serif; color: #000000;\">Les carnets doivent \u00eatre IMPERATIVEMENT retourn\u00e9s aupr\u00e8s des f\u00e9d\u00e9rations concern\u00e9es (04 et 83). Les p\u00eacheurs ne retournant pas leur carnet se verront refuser la d\u00e9livrance de celui-ci l&#8217;ann\u00e9e suivante.<\/span><\/p>\n<p><span style=\"font-family: Comic Sans MS, sans-serif; color: #000000;\"><em><strong>Adresse de la f\u00e9d\u00e9ration de p\u00eache du 04 :<\/strong><\/em> <em><span class=\"sous\">3 Traverse des Eaux chaudes &#8211; Im. Etoile des Alpes &#8211; B\u00e2t. B &#8211; BP 103 &#8211; 04003 DIGNE LES BAINS Cedex<\/span><\/em><\/span><\/p>\n","protected":false},"excerpt":{"rendered":"<p>Les grands lacs du Verdon (Esparron-de-Verdon, Quinson, Sainte-Croix) permettent la pratique de la p\u00eache \u00e0 la tra\u00eene en bateau. Cette pratique est soumise \u00e0 une r\u00e9glementation sp\u00e9cifique : Ouverture du 26 avril au 31 d\u00e9cembre 2025. Tout p\u00eacheur en action de p\u00eache doit \u00eatre en possession d&#8217;un fanion et d&#8217;un carnet annuel dont vous trouverez [&hellip;]<\/p>\n","protected":false},"author":1,"featured_media":0,"parent":258,"menu_order":0,"comment_status":"closed","ping_status":"closed","template":"template-full-width.php","meta":[],"yoast_head":"<!-- This site is optimized with the Yoast SEO plugin v14.9 - https:\/\/yoast.com\/wordpress\/plugins\/seo\/ -->\n<title>La p\u00eache \u00e0 la traine - AAPPMA Verdon Colostre<\/title>\n<meta name=\"robots\" content=\"index, follow, max-snippet:-1, max-image-preview:large, max-video-preview:-1\" \/>\n<link rel=\"canonical\" href=\"https:\/\/aappmaverdoncolostre.fr\/index.php\/reglementation\/peche-a-traine\/\" \/>\n<meta property=\"og:locale\" content=\"fr_FR\" \/>\n<meta property=\"og:type\" content=\"article\" \/>\n<meta property=\"og:title\" content=\"La p\u00eache \u00e0 la traine - AAPPMA Verdon Colostre\" \/>\n<meta property=\"og:description\" content=\"Les grands lacs du Verdon (Esparron-de-Verdon, Quinson, Sainte-Croix) permettent la pratique de la p\u00eache \u00e0 la tra\u00eene en bateau. Cette pratique est soumise \u00e0 une r\u00e9glementation sp\u00e9cifique : Ouverture du 26 avril au 31 d\u00e9cembre 2025. Tout p\u00eacheur en action de p\u00eache doit \u00eatre en possession d&#8217;un fanion et d&#8217;un carnet annuel dont vous trouverez [&hellip;]\" \/>\n<meta property=\"og:url\" content=\"https:\/\/aappmaverdoncolostre.fr\/index.php\/reglementation\/peche-a-traine\/\" \/>\n<meta property=\"og:site_name\" content=\"AAPPMA Verdon Colostre\" \/>\n<meta property=\"article:modified_time\" content=\"2025-02-26T14:55:13+00:00\" \/>\n<meta property=\"og:image\" content=\"http:\/\/aappmaverdoncolostre.fr\/wp-content\/uploads\/2018\/03\/p\u00eache-\u00e0-la-traine-sur-le-lac-desparron-225x300.jpg\" \/>\n<meta name=\"twitter:card\" content=\"summary_large_image\" \/>\n<script type=\"application\/ld+json\" class=\"yoast-schema-graph\">{\"@context\":\"https:\/\/schema.org\",\"@graph\":[{\"@type\":\"WebSite\",\"@id\":\"https:\/\/aappmaverdoncolostre.fr\/#website\",\"url\":\"https:\/\/aappmaverdoncolostre.fr\/\",\"name\":\"AAPPMA Verdon Colostre\",\"description\":\"P\\u00eacher dans le Verdon\",\"potentialAction\":[{\"@type\":\"SearchAction\",\"target\":\"https:\/\/aappmaverdoncolostre.fr\/?s={search_term_string}\",\"query-input\":\"required name=search_term_string\"}],\"inLanguage\":\"fr-FR\"},{\"@type\":\"ImageObject\",\"@id\":\"https:\/\/aappmaverdoncolostre.fr\/index.php\/reglementation\/peche-a-traine\/#primaryimage\",\"inLanguage\":\"fr-FR\",\"url\":\"http:\/\/aappmaverdoncolostre.fr\/wp-content\/uploads\/2018\/03\/p\\u00eache-\\u00e0-la-traine-sur-le-lac-desparron-225x300.jpg\"},{\"@type\":\"WebPage\",\"@id\":\"https:\/\/aappmaverdoncolostre.fr\/index.php\/reglementation\/peche-a-traine\/#webpage\",\"url\":\"https:\/\/aappmaverdoncolostre.fr\/index.php\/reglementation\/peche-a-traine\/\",\"name\":\"La p\\u00eache \\u00e0 la traine - AAPPMA Verdon Colostre\",\"isPartOf\":{\"@id\":\"https:\/\/aappmaverdoncolostre.fr\/#website\"},\"primaryImageOfPage\":{\"@id\":\"https:\/\/aappmaverdoncolostre.fr\/index.php\/reglementation\/peche-a-traine\/#primaryimage\"},\"datePublished\":\"2018-03-26T09:43:27+00:00\",\"dateModified\":\"2025-02-26T14:55:13+00:00\",\"inLanguage\":\"fr-FR\",\"potentialAction\":[{\"@type\":\"ReadAction\",\"target\":[\"https:\/\/aappmaverdoncolostre.fr\/index.php\/reglementation\/peche-a-traine\/\"]}]}]}<\/script>\n<!-- \/ Yoast SEO plugin. -->","_links":{"self":[{"href":"https:\/\/aappmaverdoncolostre.fr\/index.php\/wp-json\/wp\/v2\/pages\/1045"}],"collection":[{"href":"https:\/\/aappmaverdoncolostre.fr\/index.php\/wp-json\/wp\/v2\/pages"}],"about":[{"href":"https:\/\/aappmaverdoncolostre.fr\/index.php\/wp-json\/wp\/v2\/types\/page"}],"author":[{"embeddable":true,"href":"https:\/\/aappmaverdoncolostre.fr\/index.php\/wp-json\/wp\/v2\/users\/1"}],"replies":[{"embeddable":true,"href":"https:\/\/aappmaverdoncolostre.fr\/index.php\/wp-json\/wp\/v2\/comments?post=1045"}],"version-history":[{"count":22,"href":"https:\/\/aappmaverdoncolostre.fr\/index.php\/wp-json\/wp\/v2\/pages\/1045\/revisions"}],"predecessor-version":[{"id":2519,"href":"https:\/\/aappmaverdoncolostre.fr\/index.php\/wp-json\/wp\/v2\/pages\/1045\/revisions\/2519"}],"up":[{"embeddable":true,"href":"https:\/\/aappmaverdoncolostre.fr\/index.php\/wp-json\/wp\/v2\/pages\/258"}],"wp:attachment":[{"href":"https:\/\/aappmaverdoncolostre.fr\/index.php\/wp-json\/wp\/v2\/media?parent=1045"}],"curies":[{"name":"wp","href":"https:\/\/api.w.org\/{rel}","templated":true}]}}