{"id":1085,"date":"2018-04-09T20:59:21","date_gmt":"2018-04-09T18:59:21","guid":{"rendered":"http:\/\/aappmaverdoncolostre.fr\/?page_id=1085"},"modified":"2025-02-26T15:41:46","modified_gmt":"2025-02-26T14:41:46","slug":"atelier-peche-nature","status":"publish","type":"page","link":"https:\/\/aappmaverdoncolostre.fr\/index.php\/accueil\/atelier-peche-nature\/","title":{"rendered":"Atelier P\u00eache Nature"},"content":{"rendered":"<p><span style=\"font-family: Comic\\ Sans\\ MS, sans-serif;\">P<span style=\"color: #000000;\">our d\u00e9couvrir la p\u00eache et les milieux aquatiques, l&#8217; <strong>AAPPMA Verdon Colostre<\/strong> et <strong>la F\u00e9d\u00e9ration de p\u00eache 04<\/strong> organisent des ATELIERS PECHE NATURE :<\/span><\/span><\/p>\n<p><span style=\"font-family: Comic Sans MS, sans-serif; color: #000000;\"> Les Ateliers P\u00eache Nature sont des structures d\u2019animation qui ont pour mission de faire d\u00e9couvrir la p\u00eache et d\u2019assurer l\u2019initiation aux techniques de p\u00eache en direction des diff\u00e9rents publics. Ils constituent \u00e0 cet \u00e9gard un lieu d\u2019\u00e9change interg\u00e9n\u00e9rationnel et de convivialit\u00e9.<\/span><\/p>\n<p><img loading=\"lazy\" class=\"wp-image-995 size-large aligncenter\" src=\"http:\/\/aappmaverdoncolostre.fr\/wp-content\/uploads\/2018\/03\/initiation-\u00e1-lenvironnement-1024x768.jpg\" alt=\"\" width=\"780\" height=\"585\" srcset=\"https:\/\/aappmaverdoncolostre.fr\/wp-content\/uploads\/2018\/03\/initiation-\u00e1-lenvironnement-1024x768.jpg 1024w, https:\/\/aappmaverdoncolostre.fr\/wp-content\/uploads\/2018\/03\/initiation-\u00e1-lenvironnement-300x225.jpg 300w, https:\/\/aappmaverdoncolostre.fr\/wp-content\/uploads\/2018\/03\/initiation-\u00e1-lenvironnement-768x576.jpg 768w\" sizes=\"(max-width: 780px) 100vw, 780px\" \/><\/p>\n<p><span style=\"font-family: Comic Sans MS, sans-serif; color: #000000;\"> Les Ateliers P\u00eache Nature ont pour objectif de permettre au p\u00eacheur de pratiquer la p\u00eache en ayant un comportement fond\u00e9 sur :<\/span><\/p>\n<ul>\n<li><span style=\"font-family: comics-lolo; color: #000000;\">Le respect du poisson, dont la p\u00eache effectu\u00e9e dans les r\u00e8gles d\u2019un art r\u00e9sultant de la connaissance de ses modes de vie et de\u00a0 ses techniques de capture raisonn\u00e9e.<\/span><\/li>\n<li><span style=\"font-family: comics-lolo; color: #000000;\">La conscience du caract\u00e8re fragile et irrempla\u00e7able des milieux aquatiques, de leur faune, de leur flore, des paysages qui leur sont associ\u00e9s, \u00e9l\u00e9ments d\u2019un patrimoine environnemental indispensable \u00e0 la qualit\u00e9 de la vie, \u00e0 l\u2019\u00e9quilibre et \u00e0 l\u2019\u00e9panouissement de l\u2019homme,<\/span><\/li>\n<li><span style=\"font-family: comics-lolo; color: #000000;\">Le respect de soi-m\u00eame et d\u2019autrui, qui doit inspirer le comportement du p\u00eacheur \u00e0 l\u2019\u00e9gard des autres usagers de l\u2019eau et de son environnement,<\/span><\/li>\n<li><span style=\"font-family: comics-lolo; color: #000000;\">La connaissance du r\u00f4le des structures associatives et des missions d\u2019int\u00e9r\u00eat g\u00e9n\u00e9ral que la loi leur confie.<\/span><\/li>\n<\/ul>\n<h5><span style=\"font-family: Comic\\ Sans\\ MS, sans-serif;\"><span style=\"font-size: 14pt;\"><span style=\"color: #000000;\"> Dates et \u00c9v\u00e9nements p\u00eache 2025 : <\/span><\/span><\/span><\/h5>\n<pre><span style=\"font-family: Comic\\ Sans\\ MS, sans-serif;\"><span style=\"font-size: 14pt;\"><span style=\"color: #ff0000;\">Date \u00e0 d\u00e9finir<\/span>\n<\/span><\/span><\/pre>\n<p><span style=\"font-family: Comic\\ Sans\\ MS, sans-serif;\"><img loading=\"lazy\" class=\"wp-image-783 size-large aligncenter\" src=\"http:\/\/aappmaverdoncolostre.fr\/wp-content\/uploads\/2018\/03\/apn-1024x768.jpg\" alt=\"\" width=\"780\" height=\"585\" srcset=\"https:\/\/aappmaverdoncolostre.fr\/wp-content\/uploads\/2018\/03\/apn-1024x768.jpg 1024w, https:\/\/aappmaverdoncolostre.fr\/wp-content\/uploads\/2018\/03\/apn-300x225.jpg 300w, https:\/\/aappmaverdoncolostre.fr\/wp-content\/uploads\/2018\/03\/apn-768x576.jpg 768w, https:\/\/aappmaverdoncolostre.fr\/wp-content\/uploads\/2018\/03\/apn.jpg 2048w\" sizes=\"(max-width: 780px) 100vw, 780px\" \/><\/span><\/p>\n","protected":false},"excerpt":{"rendered":"<p>Pour d\u00e9couvrir la p\u00eache et les milieux aquatiques, l&#8217; AAPPMA Verdon Colostre et la F\u00e9d\u00e9ration de p\u00eache 04 organisent des ATELIERS PECHE NATURE : Les Ateliers P\u00eache Nature sont des structures d\u2019animation qui ont pour mission de faire d\u00e9couvrir la p\u00eache et d\u2019assurer l\u2019initiation aux techniques de p\u00eache en direction des diff\u00e9rents publics. Ils constituent [&hellip;]<\/p>\n","protected":false},"author":1,"featured_media":0,"parent":73,"menu_order":0,"comment_status":"closed","ping_status":"closed","template":"template-full-width.php","meta":[],"yoast_head":"<!-- This site is optimized with the Yoast SEO plugin v14.9 - https:\/\/yoast.com\/wordpress\/plugins\/seo\/ -->\n<title>Atelier P\u00eache Nature - AAPPMA Verdon Colostre<\/title>\n<meta name=\"robots\" content=\"index, follow, max-snippet:-1, max-image-preview:large, max-video-preview:-1\" \/>\n<link rel=\"canonical\" href=\"https:\/\/aappmaverdoncolostre.fr\/index.php\/accueil\/atelier-peche-nature\/\" \/>\n<meta property=\"og:locale\" content=\"fr_FR\" \/>\n<meta property=\"og:type\" content=\"article\" \/>\n<meta property=\"og:title\" content=\"Atelier P\u00eache Nature - AAPPMA Verdon Colostre\" \/>\n<meta property=\"og:description\" content=\"Pour d\u00e9couvrir la p\u00eache et les milieux aquatiques, l&#8217; AAPPMA Verdon Colostre et la F\u00e9d\u00e9ration de p\u00eache 04 organisent des ATELIERS PECHE NATURE : Les Ateliers P\u00eache Nature sont des structures d\u2019animation qui ont pour mission de faire d\u00e9couvrir la p\u00eache et d\u2019assurer l\u2019initiation aux techniques de p\u00eache en direction des diff\u00e9rents publics. Ils constituent [&hellip;]\" \/>\n<meta property=\"og:url\" content=\"https:\/\/aappmaverdoncolostre.fr\/index.php\/accueil\/atelier-peche-nature\/\" \/>\n<meta property=\"og:site_name\" content=\"AAPPMA Verdon Colostre\" \/>\n<meta property=\"article:modified_time\" content=\"2025-02-26T14:41:46+00:00\" \/>\n<meta property=\"og:image\" content=\"http:\/\/aappmaverdoncolostre.fr\/wp-content\/uploads\/2018\/03\/initiation-\u00e1-lenvironnement-1024x768.jpg\" \/>\n<meta name=\"twitter:card\" content=\"summary_large_image\" \/>\n<script type=\"application\/ld+json\" class=\"yoast-schema-graph\">{\"@context\":\"https:\/\/schema.org\",\"@graph\":[{\"@type\":\"WebSite\",\"@id\":\"https:\/\/aappmaverdoncolostre.fr\/#website\",\"url\":\"https:\/\/aappmaverdoncolostre.fr\/\",\"name\":\"AAPPMA Verdon Colostre\",\"description\":\"P\\u00eacher dans le Verdon\",\"potentialAction\":[{\"@type\":\"SearchAction\",\"target\":\"https:\/\/aappmaverdoncolostre.fr\/?s={search_term_string}\",\"query-input\":\"required name=search_term_string\"}],\"inLanguage\":\"fr-FR\"},{\"@type\":\"ImageObject\",\"@id\":\"https:\/\/aappmaverdoncolostre.fr\/index.php\/accueil\/atelier-peche-nature\/#primaryimage\",\"inLanguage\":\"fr-FR\",\"url\":\"http:\/\/aappmaverdoncolostre.fr\/wp-content\/uploads\/2018\/03\/initiation-\\u00e1-lenvironnement-1024x768.jpg\"},{\"@type\":\"WebPage\",\"@id\":\"https:\/\/aappmaverdoncolostre.fr\/index.php\/accueil\/atelier-peche-nature\/#webpage\",\"url\":\"https:\/\/aappmaverdoncolostre.fr\/index.php\/accueil\/atelier-peche-nature\/\",\"name\":\"Atelier P\\u00eache Nature - AAPPMA Verdon Colostre\",\"isPartOf\":{\"@id\":\"https:\/\/aappmaverdoncolostre.fr\/#website\"},\"primaryImageOfPage\":{\"@id\":\"https:\/\/aappmaverdoncolostre.fr\/index.php\/accueil\/atelier-peche-nature\/#primaryimage\"},\"datePublished\":\"2018-04-09T18:59:21+00:00\",\"dateModified\":\"2025-02-26T14:41:46+00:00\",\"inLanguage\":\"fr-FR\",\"potentialAction\":[{\"@type\":\"ReadAction\",\"target\":[\"https:\/\/aappmaverdoncolostre.fr\/index.php\/accueil\/atelier-peche-nature\/\"]}]}]}<\/script>\n<!-- \/ Yoast SEO plugin. -->","_links":{"self":[{"href":"https:\/\/aappmaverdoncolostre.fr\/index.php\/wp-json\/wp\/v2\/pages\/1085"}],"collection":[{"href":"https:\/\/aappmaverdoncolostre.fr\/index.php\/wp-json\/wp\/v2\/pages"}],"about":[{"href":"https:\/\/aappmaverdoncolostre.fr\/index.php\/wp-json\/wp\/v2\/types\/page"}],"author":[{"embeddable":true,"href":"https:\/\/aappmaverdoncolostre.fr\/index.php\/wp-json\/wp\/v2\/users\/1"}],"replies":[{"embeddable":true,"href":"https:\/\/aappmaverdoncolostre.fr\/index.php\/wp-json\/wp\/v2\/comments?post=1085"}],"version-history":[{"count":32,"href":"https:\/\/aappmaverdoncolostre.fr\/index.php\/wp-json\/wp\/v2\/pages\/1085\/revisions"}],"predecessor-version":[{"id":2511,"href":"https:\/\/aappmaverdoncolostre.fr\/index.php\/wp-json\/wp\/v2\/pages\/1085\/revisions\/2511"}],"up":[{"embeddable":true,"href":"https:\/\/aappmaverdoncolostre.fr\/index.php\/wp-json\/wp\/v2\/pages\/73"}],"wp:attachment":[{"href":"https:\/\/aappmaverdoncolostre.fr\/index.php\/wp-json\/wp\/v2\/media?parent=1085"}],"curies":[{"name":"wp","href":"https:\/\/api.w.org\/{rel}","templated":true}]}}