{"id":1789,"date":"2019-04-03T17:17:17","date_gmt":"2019-04-03T15:17:17","guid":{"rendered":"http:\/\/aappmaverdoncolostre.fr\/?page_id=1789"},"modified":"2025-02-26T16:04:58","modified_gmt":"2025-02-26T15:04:58","slug":"lachers-de-truites","status":"publish","type":"page","link":"https:\/\/aappmaverdoncolostre.fr\/index.php\/lachers-de-truites\/","title":{"rendered":"L\u00e2chers de Truites"},"content":{"rendered":"\n<p><\/p>\n\n\n\n<p class=\"has-text-color\" style=\"font-size:18px;color:#000000\">En 2025, nous r\u00e9aliserons des l\u00e2chers surprises de truites <em>arc-en-ciel <\/em>de toutes tailles dans diff\u00e9rents secteurs de notre territoire. Contrairement  aux autres l\u00e2chers, seuls les adh\u00e9rents, en seront inform\u00e9s;  L&#8217;information sera publi\u00e9e en interne par mail . Cela ne tiendra qu&#8217;\u00e0 votre  discr\u00e9tion !<\/p>\n\n\n\n<p><\/p>\n\n\n\n<figure class=\"wp-block-image is-style-default\"><img loading=\"lazy\" width=\"1920\" height=\"2560\" src=\"http:\/\/aappmaverdoncolostre.fr\/wp-content\/uploads\/2021\/01\/DSCN6068-1-edited-1-scaled.jpg\" alt=\"\" class=\"wp-image-2280\" srcset=\"https:\/\/aappmaverdoncolostre.fr\/wp-content\/uploads\/2021\/01\/DSCN6068-1-edited-1-scaled.jpg 1920w, https:\/\/aappmaverdoncolostre.fr\/wp-content\/uploads\/2021\/01\/DSCN6068-1-edited-1-225x300.jpg 225w, https:\/\/aappmaverdoncolostre.fr\/wp-content\/uploads\/2021\/01\/DSCN6068-1-edited-1-768x1024.jpg 768w, https:\/\/aappmaverdoncolostre.fr\/wp-content\/uploads\/2021\/01\/DSCN6068-1-edited-1-1152x1536.jpg 1152w, https:\/\/aappmaverdoncolostre.fr\/wp-content\/uploads\/2021\/01\/DSCN6068-1-edited-1-1536x2048.jpg 1536w\" sizes=\"(max-width: 1920px) 100vw, 1920px\" \/><\/figure>\n","protected":false},"excerpt":{"rendered":"<p>En 2025, nous r\u00e9aliserons des l\u00e2chers surprises de truites arc-en-ciel de toutes tailles dans diff\u00e9rents secteurs de notre territoire. Contrairement aux autres l\u00e2chers, seuls les adh\u00e9rents, en seront inform\u00e9s; L&#8217;information sera publi\u00e9e en interne par mail . Cela ne tiendra qu&#8217;\u00e0 votre discr\u00e9tion !<\/p>\n","protected":false},"author":1,"featured_media":0,"parent":0,"menu_order":0,"comment_status":"closed","ping_status":"closed","template":"template-full-width.php","meta":[],"yoast_head":"<!-- This site is optimized with the Yoast SEO plugin v14.9 - https:\/\/yoast.com\/wordpress\/plugins\/seo\/ -->\n<title>L\u00e2chers de Truites - AAPPMA Verdon Colostre<\/title>\n<meta name=\"robots\" content=\"index, follow, max-snippet:-1, max-image-preview:large, max-video-preview:-1\" \/>\n<link rel=\"canonical\" href=\"https:\/\/aappmaverdoncolostre.fr\/index.php\/lachers-de-truites\/\" \/>\n<meta property=\"og:locale\" content=\"fr_FR\" \/>\n<meta property=\"og:type\" content=\"article\" \/>\n<meta property=\"og:title\" content=\"L\u00e2chers de Truites - AAPPMA Verdon Colostre\" \/>\n<meta property=\"og:description\" content=\"En 2025, nous r\u00e9aliserons des l\u00e2chers surprises de truites arc-en-ciel de toutes tailles dans diff\u00e9rents secteurs de notre territoire. Contrairement aux autres l\u00e2chers, seuls les adh\u00e9rents, en seront inform\u00e9s; L&#8217;information sera publi\u00e9e en interne par mail . Cela ne tiendra qu&#8217;\u00e0 votre discr\u00e9tion !\" \/>\n<meta property=\"og:url\" content=\"https:\/\/aappmaverdoncolostre.fr\/index.php\/lachers-de-truites\/\" \/>\n<meta property=\"og:site_name\" content=\"AAPPMA Verdon Colostre\" \/>\n<meta property=\"article:modified_time\" content=\"2025-02-26T15:04:58+00:00\" \/>\n<meta property=\"og:image\" content=\"http:\/\/aappmaverdoncolostre.fr\/wp-content\/uploads\/2021\/01\/DSCN6068-1-edited-1-scaled.jpg\" \/>\n<meta name=\"twitter:card\" content=\"summary_large_image\" \/>\n<script type=\"application\/ld+json\" class=\"yoast-schema-graph\">{\"@context\":\"https:\/\/schema.org\",\"@graph\":[{\"@type\":\"WebSite\",\"@id\":\"https:\/\/aappmaverdoncolostre.fr\/#website\",\"url\":\"https:\/\/aappmaverdoncolostre.fr\/\",\"name\":\"AAPPMA Verdon Colostre\",\"description\":\"P\\u00eacher dans le Verdon\",\"potentialAction\":[{\"@type\":\"SearchAction\",\"target\":\"https:\/\/aappmaverdoncolostre.fr\/?s={search_term_string}\",\"query-input\":\"required name=search_term_string\"}],\"inLanguage\":\"fr-FR\"},{\"@type\":\"ImageObject\",\"@id\":\"https:\/\/aappmaverdoncolostre.fr\/index.php\/lachers-de-truites\/#primaryimage\",\"inLanguage\":\"fr-FR\",\"url\":\"http:\/\/aappmaverdoncolostre.fr\/wp-content\/uploads\/2021\/01\/DSCN6068-1-edited-1-scaled.jpg\"},{\"@type\":\"WebPage\",\"@id\":\"https:\/\/aappmaverdoncolostre.fr\/index.php\/lachers-de-truites\/#webpage\",\"url\":\"https:\/\/aappmaverdoncolostre.fr\/index.php\/lachers-de-truites\/\",\"name\":\"L\\u00e2chers de Truites - AAPPMA Verdon Colostre\",\"isPartOf\":{\"@id\":\"https:\/\/aappmaverdoncolostre.fr\/#website\"},\"primaryImageOfPage\":{\"@id\":\"https:\/\/aappmaverdoncolostre.fr\/index.php\/lachers-de-truites\/#primaryimage\"},\"datePublished\":\"2019-04-03T15:17:17+00:00\",\"dateModified\":\"2025-02-26T15:04:58+00:00\",\"inLanguage\":\"fr-FR\",\"potentialAction\":[{\"@type\":\"ReadAction\",\"target\":[\"https:\/\/aappmaverdoncolostre.fr\/index.php\/lachers-de-truites\/\"]}]}]}<\/script>\n<!-- \/ Yoast SEO plugin. -->","_links":{"self":[{"href":"https:\/\/aappmaverdoncolostre.fr\/index.php\/wp-json\/wp\/v2\/pages\/1789"}],"collection":[{"href":"https:\/\/aappmaverdoncolostre.fr\/index.php\/wp-json\/wp\/v2\/pages"}],"about":[{"href":"https:\/\/aappmaverdoncolostre.fr\/index.php\/wp-json\/wp\/v2\/types\/page"}],"author":[{"embeddable":true,"href":"https:\/\/aappmaverdoncolostre.fr\/index.php\/wp-json\/wp\/v2\/users\/1"}],"replies":[{"embeddable":true,"href":"https:\/\/aappmaverdoncolostre.fr\/index.php\/wp-json\/wp\/v2\/comments?post=1789"}],"version-history":[{"count":18,"href":"https:\/\/aappmaverdoncolostre.fr\/index.php\/wp-json\/wp\/v2\/pages\/1789\/revisions"}],"predecessor-version":[{"id":2529,"href":"https:\/\/aappmaverdoncolostre.fr\/index.php\/wp-json\/wp\/v2\/pages\/1789\/revisions\/2529"}],"wp:attachment":[{"href":"https:\/\/aappmaverdoncolostre.fr\/index.php\/wp-json\/wp\/v2\/media?parent=1789"}],"curies":[{"name":"wp","href":"https:\/\/api.w.org\/{rel}","templated":true}]}}