{"id":258,"date":"2018-02-17T14:50:42","date_gmt":"2018-02-17T13:50:42","guid":{"rendered":"http:\/\/aappmaverdoncolostre.fr\/?page_id=258"},"modified":"2025-02-26T16:24:54","modified_gmt":"2025-02-26T15:24:54","slug":"reglementation","status":"publish","type":"page","link":"https:\/\/aappmaverdoncolostre.fr\/index.php\/reglementation\/","title":{"rendered":"R\u00e9glementation"},"content":{"rendered":"\t\t<div data-elementor-type=\"wp-page\" data-elementor-id=\"258\" class=\"elementor elementor-258\">\n\t\t\t\t\t\t\t\t\t<section class=\"elementor-section elementor-top-section elementor-element elementor-element-8164f0d elementor-section-boxed elementor-section-height-default elementor-section-height-default\" data-id=\"8164f0d\" data-element_type=\"section\">\n\t\t\t\t\t\t<div class=\"elementor-container elementor-column-gap-default\">\n\t\t\t\t\t<div class=\"elementor-column elementor-col-100 elementor-top-column elementor-element elementor-element-57a92618\" data-id=\"57a92618\" data-element_type=\"column\">\n\t\t\t<div class=\"elementor-widget-wrap elementor-element-populated\">\n\t\t\t\t\t\t\t\t<div class=\"elementor-element elementor-element-51dfc7d7 elementor-widget elementor-widget-text-editor\" data-id=\"51dfc7d7\" data-element_type=\"widget\" data-widget_type=\"text-editor.default\">\n\t\t\t\t<div class=\"elementor-widget-container\">\n\t\t\t<style>\/*! elementor - v3.9.2 - 21-12-2022 *\/\n.elementor-widget-text-editor.elementor-drop-cap-view-stacked .elementor-drop-cap{background-color:#818a91;color:#fff}.elementor-widget-text-editor.elementor-drop-cap-view-framed .elementor-drop-cap{color:#818a91;border:3px solid;background-color:transparent}.elementor-widget-text-editor:not(.elementor-drop-cap-view-default) .elementor-drop-cap{margin-top:8px}.elementor-widget-text-editor:not(.elementor-drop-cap-view-default) .elementor-drop-cap-letter{width:1em;height:1em}.elementor-widget-text-editor .elementor-drop-cap{float:left;text-align:center;line-height:1;font-size:50px}.elementor-widget-text-editor .elementor-drop-cap-letter{display:inline-block}<\/style>\t\t\t\t<p><span style=\"font-family: Comic Sans MS,sans-serif;\"><a href=\"https:\/\/aappmaverdoncolostre.fr\/wp-content\/uploads\/2025\/02\/guide-du-pecheur-2025.pdf\">T\u00e9l\u00e9charger le guide de p\u00eache 2025 du d\u00e9partement :<\/a><br \/><\/span><\/p>\n<p><span style=\"font-family: Comic Sans MS,sans-serif;\">\u00a0<\/span><\/p>\n<p><a href=\"https:\/\/aappmaverdoncolostre.fr\/wp-content\/uploads\/2025\/02\/guide-du-pecheur-2025.pdf\" target=\"_blank\" rel=\"noopener\"><span style=\"font-family: Comic Sans MS,sans-serif;\"> <img loading=\"lazy\" class=\"aligncenter wp-image-2534 size-full\" src=\"https:\/\/aappmaverdoncolostre.fr\/wp-content\/uploads\/2025\/02\/fede.png\" alt=\"Guide du p\u00eacheur\" width=\"553\" height=\"772\" srcset=\"https:\/\/aappmaverdoncolostre.fr\/wp-content\/uploads\/2025\/02\/fede.png 553w, https:\/\/aappmaverdoncolostre.fr\/wp-content\/uploads\/2025\/02\/fede-215x300.png 215w\" sizes=\"(max-width: 553px) 100vw, 553px\" \/><\/span><\/a><\/p>\n<p><span style=\"font-family: Comic Sans MS,sans-serif;\">\u00a0<\/span><\/p>\n<p><span style=\"font-family: Comic Sans MS,sans-serif;\">\u00a0<\/span><\/p>\n<p><\/p><\/div><\/div><\/div><\/div><\/div><\/section><\/div><p class=\"portfolio-readmore\"><a class=\"btn btn-mini more-link\" href=\"https:\/\/aappmaverdoncolostre.fr\/index.php\/reglementation\/\"><i class=\"fa fa-chevron-circle-right\"><\/i>ReadMore<\/a><\/p>","protected":false},"excerpt":{"rendered":"<p>T\u00e9l\u00e9charger le guide de p\u00eache 2025 du d\u00e9partement : \u00a0 \u00a0 \u00a0<\/p>\n","protected":false},"author":1,"featured_media":0,"parent":0,"menu_order":0,"comment_status":"closed","ping_status":"closed","template":"template-full-width.php","meta":[],"yoast_head":"<!-- This site is optimized with the Yoast SEO plugin v14.9 - https:\/\/yoast.com\/wordpress\/plugins\/seo\/ -->\n<title>R\u00e9glementation - AAPPMA Verdon Colostre<\/title>\n<meta name=\"robots\" content=\"index, follow, max-snippet:-1, max-image-preview:large, max-video-preview:-1\" \/>\n<link rel=\"canonical\" href=\"https:\/\/aappmaverdoncolostre.fr\/index.php\/reglementation\/\" \/>\n<meta property=\"og:locale\" content=\"fr_FR\" \/>\n<meta property=\"og:type\" content=\"article\" \/>\n<meta property=\"og:title\" content=\"R\u00e9glementation - AAPPMA Verdon Colostre\" \/>\n<meta property=\"og:description\" content=\"T\u00e9l\u00e9charger le guide de p\u00eache 2025 du d\u00e9partement : \u00a0 \u00a0 \u00a0\" \/>\n<meta property=\"og:url\" content=\"https:\/\/aappmaverdoncolostre.fr\/index.php\/reglementation\/\" \/>\n<meta property=\"og:site_name\" content=\"AAPPMA Verdon Colostre\" \/>\n<meta property=\"article:modified_time\" content=\"2025-02-26T15:24:54+00:00\" \/>\n<meta property=\"og:image\" content=\"https:\/\/aappmaverdoncolostre.fr\/wp-content\/uploads\/2025\/02\/fede.png\" \/>\n<meta name=\"twitter:card\" content=\"summary_large_image\" \/>\n<script type=\"application\/ld+json\" class=\"yoast-schema-graph\">{\"@context\":\"https:\/\/schema.org\",\"@graph\":[{\"@type\":\"WebSite\",\"@id\":\"https:\/\/aappmaverdoncolostre.fr\/#website\",\"url\":\"https:\/\/aappmaverdoncolostre.fr\/\",\"name\":\"AAPPMA Verdon Colostre\",\"description\":\"P\\u00eacher dans le Verdon\",\"potentialAction\":[{\"@type\":\"SearchAction\",\"target\":\"https:\/\/aappmaverdoncolostre.fr\/?s={search_term_string}\",\"query-input\":\"required name=search_term_string\"}],\"inLanguage\":\"fr-FR\"},{\"@type\":\"ImageObject\",\"@id\":\"https:\/\/aappmaverdoncolostre.fr\/index.php\/reglementation\/#primaryimage\",\"inLanguage\":\"fr-FR\",\"url\":\"https:\/\/aappmaverdoncolostre.fr\/wp-content\/uploads\/2025\/02\/fede.png\",\"width\":553,\"height\":772},{\"@type\":\"WebPage\",\"@id\":\"https:\/\/aappmaverdoncolostre.fr\/index.php\/reglementation\/#webpage\",\"url\":\"https:\/\/aappmaverdoncolostre.fr\/index.php\/reglementation\/\",\"name\":\"R\\u00e9glementation - AAPPMA Verdon Colostre\",\"isPartOf\":{\"@id\":\"https:\/\/aappmaverdoncolostre.fr\/#website\"},\"primaryImageOfPage\":{\"@id\":\"https:\/\/aappmaverdoncolostre.fr\/index.php\/reglementation\/#primaryimage\"},\"datePublished\":\"2018-02-17T13:50:42+00:00\",\"dateModified\":\"2025-02-26T15:24:54+00:00\",\"inLanguage\":\"fr-FR\",\"potentialAction\":[{\"@type\":\"ReadAction\",\"target\":[\"https:\/\/aappmaverdoncolostre.fr\/index.php\/reglementation\/\"]}]}]}<\/script>\n<!-- \/ Yoast SEO plugin. -->","_links":{"self":[{"href":"https:\/\/aappmaverdoncolostre.fr\/index.php\/wp-json\/wp\/v2\/pages\/258"}],"collection":[{"href":"https:\/\/aappmaverdoncolostre.fr\/index.php\/wp-json\/wp\/v2\/pages"}],"about":[{"href":"https:\/\/aappmaverdoncolostre.fr\/index.php\/wp-json\/wp\/v2\/types\/page"}],"author":[{"embeddable":true,"href":"https:\/\/aappmaverdoncolostre.fr\/index.php\/wp-json\/wp\/v2\/users\/1"}],"replies":[{"embeddable":true,"href":"https:\/\/aappmaverdoncolostre.fr\/index.php\/wp-json\/wp\/v2\/comments?post=258"}],"version-history":[{"count":57,"href":"https:\/\/aappmaverdoncolostre.fr\/index.php\/wp-json\/wp\/v2\/pages\/258\/revisions"}],"predecessor-version":[{"id":2544,"href":"https:\/\/aappmaverdoncolostre.fr\/index.php\/wp-json\/wp\/v2\/pages\/258\/revisions\/2544"}],"wp:attachment":[{"href":"https:\/\/aappmaverdoncolostre.fr\/index.php\/wp-json\/wp\/v2\/media?parent=258"}],"curies":[{"name":"wp","href":"https:\/\/api.w.org\/{rel}","templated":true}]}}