{"id":265,"date":"2018-02-17T14:58:24","date_gmt":"2018-02-17T13:58:24","guid":{"rendered":"http:\/\/aappmaverdoncolostre.fr\/?page_id=265"},"modified":"2020-02-09T21:01:42","modified_gmt":"2020-02-09T20:01:42","slug":"poissons","status":"publish","type":"page","link":"https:\/\/aappmaverdoncolostre.fr\/index.php\/biodiversite\/poissons\/","title":{"rendered":"Poissons"},"content":{"rendered":"<h4><span style=\"color: #000000; font-family: Comic Sans MS,sans-serif; font-size: 14pt;\"><strong>Poissons de lac:<\/strong><\/span><\/h4>\n<p><span style=\"color: #000000;\"><span style=\"font-family: Comic Sans MS,sans-serif;\"><strong>PERCHE ET BROCHET :<\/strong><\/span><span style=\"font-family: Comic Sans MS,sans-serif;\">Dans les lacs, les carnassiers comme la perche et le brochet ont \u00e9t\u00e9 introduits suite \u00e0 la construction des grands barrages EDF et de la destruction d&#8217;habitat des truites sauvages qui ne peuvent plus s&#8217;y reproduire. Depuis, ces carnassiers de seconde cat\u00e9gorie s&#8217;y reproduisent naturellement et leurs populations sont cons\u00e9quentes.<\/span><\/span><\/p>\n<p><span style=\"color: #000000;\"><span style=\"font-family: Comic Sans MS,sans-serif;\"><strong>SANDRE <\/strong>: <\/span><span style=\"font-family: Comic Sans MS,sans-serif;\">Pr\u00e9sent dans le lac d&#8217;Esparron mais les densit\u00e9s sont faibles.<br \/>\n<\/span><\/span><\/p>\n<figure id=\"attachment_1005\" aria-describedby=\"caption-attachment-1005\" style=\"width: 225px\" class=\"wp-caption alignright\"><img loading=\"lazy\" class=\"wp-image-1005 size-medium\" src=\"http:\/\/aappmaverdoncolostre.fr\/wp-content\/uploads\/2018\/03\/p\u00eache-\u00e0-la-traine-sur-le-lac-desparron-225x300.jpg\" alt=\"\" width=\"225\" height=\"300\" srcset=\"https:\/\/aappmaverdoncolostre.fr\/wp-content\/uploads\/2018\/03\/p\u00eache-\u00e0-la-traine-sur-le-lac-desparron-225x300.jpg 225w, https:\/\/aappmaverdoncolostre.fr\/wp-content\/uploads\/2018\/03\/p\u00eache-\u00e0-la-traine-sur-le-lac-desparron.jpg 720w\" sizes=\"(max-width: 225px) 100vw, 225px\" \/><figcaption id=\"caption-attachment-1005\" class=\"wp-caption-text\"><\/span> <span style=\"color: #000000;\">Brochet<\/span><\/figcaption><\/figure>\n<p><span style=\"color: #000000;\"><span style=\"font-family: Comic Sans MS,sans-serif;\"><strong>CARPES : <\/strong><\/span><span style=\"font-family: Comic Sans MS,sans-serif;\">Pr\u00e9sence faible<\/span><\/span><\/p>\n<p><span style=\"color: #000000;\"><span style=\"font-family: Comic Sans MS,sans-serif;\"><strong>TANCHES :<\/strong><\/span><span style=\"font-family: Comic Sans MS,sans-serif;\"> Pr\u00e9sence moyenne<\/span><\/span><\/p>\n<p><span style=\"font-family: Comic Sans MS, sans-serif; color: #000000;\"><strong>ABLETTES DE LAC :<\/strong><\/span><\/p>\n<p><span style=\"font-family: Comic Sans MS, sans-serif; color: #000000;\"> Abondante<\/span><\/p>\n<p><span style=\"font-family: Comic Sans MS, sans-serif; color: #000000;\"><strong>GARDONS<\/strong><strong>: <\/strong><\/span><\/p>\n<p><span style=\"font-family: Comic Sans MS, sans-serif; color: #000000;\">Abondant<strong><br \/>\n<\/strong><\/span><\/p>\n<h4><span style=\"font-family: Comic Sans MS, sans-serif; font-size: 14pt; color: #000000;\"><strong>Poissons de rivi\u00e8re:<\/strong><\/span><\/h4>\n<p><span style=\"font-family: Comic Sans MS, sans-serif; color: #000000;\"><strong>TRUITE FARIO :<\/strong><\/span><br \/>\n<span style=\"font-family: Comic Sans MS, sans-serif; color: #000000;\"> Le Verdon et le Colostre sont peupl\u00e9s de truites fario sauvages qui habitent ces eaux depuis la nuit des temps. Des \u00e9tudes g\u00e9n\u00e9tiques effectu\u00e9es par l&#8217;Universit\u00e9 de Montpellier ont mis en lumi\u00e8re ce patrimoine remarquable. Il s&#8217;agit de truites fario de souche m\u00e9diterran\u00e9enne sp\u00e9cifique \u00e0 ce bassin versant. Elle se reconnaissent \u00e0 la multitude de point noirs qui couvrent leurs opercules (Trente \u00e0 plus de cents points par opercule. Ces truites se reproduisent dans la rivi\u00e8re sans l\u2019intervention de l\u2019homme. Elles d\u00e9posent leurs \u0153ufs entre les galets de novembre \u00e0 f\u00e9vrier et leurs alevins \u00e9mergent jusqu&#8217;au mois de mai. Ces truites sont le tr\u00e9sor vivant du Verdon. Ne les consid\u00e9rons pas simplement comme un morceau de viande.<\/span><\/p>\n<figure id=\"attachment_999\" aria-describedby=\"caption-attachment-999\" style=\"width: 300px\" class=\"wp-caption aligncenter\"><img loading=\"lazy\" class=\"wp-image-999 size-medium\" src=\"http:\/\/aappmaverdoncolostre.fr\/wp-content\/uploads\/2018\/03\/P5180032-300x225.jpg\" alt=\"\" width=\"300\" height=\"225\" srcset=\"https:\/\/aappmaverdoncolostre.fr\/wp-content\/uploads\/2018\/03\/P5180032-300x225.jpg 300w, https:\/\/aappmaverdoncolostre.fr\/wp-content\/uploads\/2018\/03\/P5180032-768x576.jpg 768w, https:\/\/aappmaverdoncolostre.fr\/wp-content\/uploads\/2018\/03\/P5180032-1024x768.jpg 1024w\" sizes=\"(max-width: 300px) 100vw, 300px\" \/><figcaption id=\"caption-attachment-999\" class=\"wp-caption-text\"><\/span> <span style=\"color: #000000;\">Truite<\/span><\/figcaption><\/figure>\n<p><span style=\"font-family: Comic Sans MS, sans-serif; color: #000000;\"><strong>CHABOT :<\/strong><\/span><br \/>\n<span style=\"font-family: Comic Sans MS, sans-serif; color: #000000;\"> Ce petit poisson vit sous les galets et n&#8217;int\u00e9resse pas directement les p\u00eacheurs mais sa pr\u00e9sence en amont de Gr\u00e9oux est l&#8217;indice d&#8217;une eau de qualit\u00e9. Ce petit poisson est tr\u00e8s sensible au pi\u00e9tinement. Les barrages de galets qui sont construits en \u00e9t\u00e9 par les baigneurs r\u00e9duisent son habitat en lui enlevant les plus gros galets sous lesquels il habite : dans une rivi\u00e8re chaque pierre est une maison !<\/span><\/p>\n<figure id=\"attachment_1017\" aria-describedby=\"caption-attachment-1017\" style=\"width: 300px\" class=\"wp-caption aligncenter\"><img loading=\"lazy\" class=\"wp-image-1017 size-medium\" src=\"http:\/\/aappmaverdoncolostre.fr\/wp-content\/uploads\/2018\/03\/chabot-300x225.jpg\" alt=\"\" width=\"300\" height=\"225\" srcset=\"https:\/\/aappmaverdoncolostre.fr\/wp-content\/uploads\/2018\/03\/chabot-300x225.jpg 300w, https:\/\/aappmaverdoncolostre.fr\/wp-content\/uploads\/2018\/03\/chabot-768x576.jpg 768w, https:\/\/aappmaverdoncolostre.fr\/wp-content\/uploads\/2018\/03\/chabot-1024x768.jpg 1024w\" sizes=\"(max-width: 300px) 100vw, 300px\" \/><figcaption id=\"caption-attachment-1017\" class=\"wp-caption-text\"><\/span> <span style=\"color: #000000;\">Chabot<\/span><\/figcaption><\/figure>\n<p><span style=\"font-family: Comic Sans MS, sans-serif; color: #000000;\"><strong>LOCHE DE RIVIERE :<\/strong><\/span><br \/>\n<span style=\"font-family: Comic Sans MS, sans-serif; color: #000000;\"> Encore un petit poisson m\u00e9connu. La loche de rivi\u00e8re vit sous les pierres, comme le chabot.<\/span><\/p>\n<p><span style=\"font-family: Comic Sans MS, sans-serif; color: #000000;\"><strong>BLAGEON :<\/strong><\/span><br \/>\n<span style=\"font-family: Comic Sans MS, sans-serif; color: #000000;\"> La \u00ab sofie \u00bb des proven\u00e7aux (prononcez s\u00f4\u00f4\u00f4fie)<\/span><\/p>\n<p><span style=\"font-family: Comic Sans MS, sans-serif; color: #000000;\"><strong>ABLETTE DE RIVIERE :<\/strong><\/span><br \/>\n<span style=\"font-family: Comic Sans MS, sans-serif; color: #000000;\"> Plus haute que l\u2019ablette de lac et avec une ligne lat\u00e9rale tr\u00e8s marqu\u00e9e ainsi que des petites marques rouges \u00e0 la naissance de ses nageoires.<\/span><\/p>\n<p><span style=\"font-family: Comic Sans MS, sans-serif; color: #000000;\"><strong>CHEVESNE :<\/strong><\/span><br \/>\n<span style=\"font-family: Comic Sans MS, sans-serif; color: #000000;\"> Plus pr\u00e9sent en aval du seuil et de la station d&#8217;\u00e9puration de Gr\u00e9oux-les-Bains, comme c&#8217;est \u00e9trange !<\/span><\/p>\n<p><span style=\"font-family: Comic Sans MS, sans-serif; color: #000000;\"><strong>BARBEAU :<\/strong><\/span><br \/>\n<span style=\"font-family: Comic Sans MS, sans-serif; color: #000000;\"> Bien pr\u00e9sent sur le m\u00eame secteur, peut d\u00e9passer soixante centim\u00e8tres.<\/span><\/p>\n<p><span style=\"font-family: Comic Sans MS, sans-serif; color: #000000;\">Enfin quelques <strong>GARDONS <\/strong>, souvent de belle taille et quelques rares brochets et perches peuvent se rencontrer. Leur pr\u00e9sence n&#8217;est pas p\u00e9renne. Il s&#8217;agit certainement de poissons ayant d\u00e9val\u00e9s depuis le lac d&#8217;Esparron<\/span><\/p>\n","protected":false},"excerpt":{"rendered":"<p>Poissons de lac: PERCHE ET BROCHET :Dans les lacs, les carnassiers comme la perche et le brochet ont \u00e9t\u00e9 introduits suite \u00e0 la construction des grands barrages EDF et de la destruction d&#8217;habitat des truites sauvages qui ne peuvent plus s&#8217;y reproduire. Depuis, ces carnassiers de seconde cat\u00e9gorie s&#8217;y reproduisent naturellement et leurs populations sont [&hellip;]<\/p>\n","protected":false},"author":1,"featured_media":0,"parent":263,"menu_order":0,"comment_status":"closed","ping_status":"closed","template":"template-full-width.php","meta":[],"yoast_head":"<!-- This site is optimized with the Yoast SEO plugin v14.9 - https:\/\/yoast.com\/wordpress\/plugins\/seo\/ -->\n<title>Poissons - AAPPMA Verdon Colostre<\/title>\n<meta name=\"robots\" content=\"index, follow, max-snippet:-1, max-image-preview:large, max-video-preview:-1\" \/>\n<link rel=\"canonical\" href=\"http:\/\/aappmaverdoncolostre.fr\/index.php\/biodiversite\/poissons\/\" \/>\n<meta property=\"og:locale\" content=\"fr_FR\" \/>\n<meta property=\"og:type\" content=\"article\" \/>\n<meta property=\"og:title\" content=\"Poissons - AAPPMA Verdon Colostre\" \/>\n<meta property=\"og:description\" content=\"Poissons de lac: PERCHE ET BROCHET :Dans les lacs, les carnassiers comme la perche et le brochet ont \u00e9t\u00e9 introduits suite \u00e0 la construction des grands barrages EDF et de la destruction d&#8217;habitat des truites sauvages qui ne peuvent plus s&#8217;y reproduire. Depuis, ces carnassiers de seconde cat\u00e9gorie s&#8217;y reproduisent naturellement et leurs populations sont [&hellip;]\" \/>\n<meta property=\"og:url\" content=\"http:\/\/aappmaverdoncolostre.fr\/index.php\/biodiversite\/poissons\/\" \/>\n<meta property=\"og:site_name\" content=\"AAPPMA Verdon Colostre\" \/>\n<meta property=\"article:modified_time\" content=\"2020-02-09T20:01:42+00:00\" \/>\n<meta property=\"og:image\" content=\"http:\/\/aappmaverdoncolostre.fr\/wp-content\/uploads\/2018\/03\/p\u00eache-\u00e0-la-traine-sur-le-lac-desparron-225x300.jpg\" \/>\n<meta name=\"twitter:card\" content=\"summary_large_image\" \/>\n<script type=\"application\/ld+json\" class=\"yoast-schema-graph\">{\"@context\":\"https:\/\/schema.org\",\"@graph\":[{\"@type\":\"WebSite\",\"@id\":\"https:\/\/aappmaverdoncolostre.fr\/#website\",\"url\":\"https:\/\/aappmaverdoncolostre.fr\/\",\"name\":\"AAPPMA Verdon Colostre\",\"description\":\"P\\u00eacher dans le Verdon\",\"potentialAction\":[{\"@type\":\"SearchAction\",\"target\":\"https:\/\/aappmaverdoncolostre.fr\/?s={search_term_string}\",\"query-input\":\"required name=search_term_string\"}],\"inLanguage\":\"fr-FR\"},{\"@type\":\"ImageObject\",\"@id\":\"http:\/\/aappmaverdoncolostre.fr\/index.php\/biodiversite\/poissons\/#primaryimage\",\"inLanguage\":\"fr-FR\",\"url\":\"http:\/\/aappmaverdoncolostre.fr\/wp-content\/uploads\/2018\/03\/p\\u00eache-\\u00e0-la-traine-sur-le-lac-desparron-225x300.jpg\"},{\"@type\":\"WebPage\",\"@id\":\"http:\/\/aappmaverdoncolostre.fr\/index.php\/biodiversite\/poissons\/#webpage\",\"url\":\"http:\/\/aappmaverdoncolostre.fr\/index.php\/biodiversite\/poissons\/\",\"name\":\"Poissons - AAPPMA Verdon Colostre\",\"isPartOf\":{\"@id\":\"https:\/\/aappmaverdoncolostre.fr\/#website\"},\"primaryImageOfPage\":{\"@id\":\"http:\/\/aappmaverdoncolostre.fr\/index.php\/biodiversite\/poissons\/#primaryimage\"},\"datePublished\":\"2018-02-17T13:58:24+00:00\",\"dateModified\":\"2020-02-09T20:01:42+00:00\",\"inLanguage\":\"fr-FR\",\"potentialAction\":[{\"@type\":\"ReadAction\",\"target\":[\"http:\/\/aappmaverdoncolostre.fr\/index.php\/biodiversite\/poissons\/\"]}]}]}<\/script>\n<!-- \/ Yoast SEO plugin. -->","_links":{"self":[{"href":"https:\/\/aappmaverdoncolostre.fr\/index.php\/wp-json\/wp\/v2\/pages\/265"}],"collection":[{"href":"https:\/\/aappmaverdoncolostre.fr\/index.php\/wp-json\/wp\/v2\/pages"}],"about":[{"href":"https:\/\/aappmaverdoncolostre.fr\/index.php\/wp-json\/wp\/v2\/types\/page"}],"author":[{"embeddable":true,"href":"https:\/\/aappmaverdoncolostre.fr\/index.php\/wp-json\/wp\/v2\/users\/1"}],"replies":[{"embeddable":true,"href":"https:\/\/aappmaverdoncolostre.fr\/index.php\/wp-json\/wp\/v2\/comments?post=265"}],"version-history":[{"count":31,"href":"https:\/\/aappmaverdoncolostre.fr\/index.php\/wp-json\/wp\/v2\/pages\/265\/revisions"}],"predecessor-version":[{"id":2106,"href":"https:\/\/aappmaverdoncolostre.fr\/index.php\/wp-json\/wp\/v2\/pages\/265\/revisions\/2106"}],"up":[{"embeddable":true,"href":"https:\/\/aappmaverdoncolostre.fr\/index.php\/wp-json\/wp\/v2\/pages\/263"}],"wp:attachment":[{"href":"https:\/\/aappmaverdoncolostre.fr\/index.php\/wp-json\/wp\/v2\/media?parent=265"}],"curies":[{"name":"wp","href":"https:\/\/api.w.org\/{rel}","templated":true}]}}