{"id":275,"date":"2018-02-17T15:03:56","date_gmt":"2018-02-17T14:03:56","guid":{"rendered":"http:\/\/aappmaverdoncolostre.fr\/?page_id=275"},"modified":"2025-02-26T15:39:53","modified_gmt":"2025-02-26T14:39:53","slug":"actions-de-laappma","status":"publish","type":"page","link":"https:\/\/aappmaverdoncolostre.fr\/index.php\/accueil\/actions-de-laappma\/","title":{"rendered":"Nos actions"},"content":{"rendered":"<p><span style=\"font-family: Comic Sans MS,sans-serif;\"><em><span style=\"color: #000000;\">L&#8217;AAPPMA a pour but de valoriser son patrimoine et de proposer une p\u00eache de qualit\u00e9 \u00e0 ses adh\u00e9rents.<\/span><\/em><\/span><\/p>\n<p><span style=\"color: #000000;\"><em><span style=\"font-family: Comic Sans MS, sans-serif;\">En prenant la carte de p\u00eache , vous permettez \u00e0 l\u2019association de financer nos projets.<\/span><\/em><\/span><\/p>\n<p><span style=\"font-family: Comic Sans MS, sans-serif; color: #000000;\">Les truites farios qui peuplent le <strong>Colostre et le Verdon<\/strong> sont toutes sauvages. Elles sont les descendantes d&#8217;une souche ancestrale (truite fario m\u00e9diterran\u00e9enne) particuli\u00e8re \u00e0 ce bassin versant.<\/span><\/p>\n<p><span style=\"font-family: Comic Sans MS, sans-serif; color: #000000;\">Afin de prot\u00e9ger ce patrimoine piscicole, le Verdon, le Colostre et leurs affluents font l&#8217;objet d&#8217;une gestion patrimoniale visant \u00e0 assurer un fonctionnement naturel de la rivi\u00e8re.<\/span><\/p>\n<p><span style=\"font-family: Comic Sans MS, sans-serif; color: #000000;\">L&#8217;action de l&#8217;AAPPMA tend \u00e0 restaurer et prot\u00e9ger le milieu de vie naturel des poissons.<\/span><\/p>\n<p><img loading=\"lazy\" class=\"wp-image-795 size-large aligncenter\" src=\"http:\/\/aappmaverdoncolostre.fr\/wp-content\/uploads\/2018\/03\/les-actions-1024x465.jpg\" alt=\"\" width=\"780\" height=\"354\" srcset=\"https:\/\/aappmaverdoncolostre.fr\/wp-content\/uploads\/2018\/03\/les-actions-1024x465.jpg 1024w, https:\/\/aappmaverdoncolostre.fr\/wp-content\/uploads\/2018\/03\/les-actions-300x136.jpg 300w, https:\/\/aappmaverdoncolostre.fr\/wp-content\/uploads\/2018\/03\/les-actions-768x349.jpg 768w\" sizes=\"(max-width: 780px) 100vw, 780px\" \/><\/p>\n<p><span style=\"font-family: Comic Sans MS, sans-serif; color: #000000;\">En th\u00e9orie, ces actions se font en partenariat avec les acteurs institutionnels du monde de l&#8217;eau. Dans la pratique, nous comptons surtout sur les b\u00e9n\u00e9voles de l&#8217;AAPPMA.<\/span><\/p>\n<p><strong><span style=\"font-family: Comic Sans MS, sans-serif; color: #000000; font-size: 14pt;\">Les actions programm\u00e9es pour 2025:<\/span><\/strong><\/p>\n<p><span style=\"font-family: Comic Sans MS, sans-serif; color: #000000;\">\ud83d\udc0b Gestion patrimoniale :<\/span><\/p>\n<ul>\n<li><span style=\"color: #000000;\">Poursuite de la diversification des habitats du Verdon par pose de blocs de rochers.<\/span><\/li>\n<li><span style=\"color: #000000;\">Participation au projet de renaturation du lit du Verdon en vue de l&#8217;arasement du seuil.<\/span><\/li>\n<li><span style=\"color: #000000;\">Participation au projet de recharge s\u00e9dimentaire en amont de Gr\u00e9oux-les-Bains.<\/span><\/li>\n<li><span style=\"color: #000000;\">Restauration hydro-morphologique du Bas-Verdon en amont et en aval de Gr\u00e9oux.<\/span><\/li>\n<li><span style=\"color: #000000;\">Implantation de roseli\u00e8res \u00e0 Esparron-de-Verdon.<\/span><\/li>\n<li><span style=\"color: #000000;\">Test de diversification des habitats par pose de blocs sur les secteurs non-concern\u00e9s par la restauration hydro-morphologique du PNRV.<\/span><\/li>\n<li><span style=\"color: #000000;\">Entretien des sentiers du Verdon et du Colostre<\/span><\/li>\n<\/ul>\n<p><span style=\"font-family: Comic Sans MS, sans-serif; color: #000000;\">\ud83d\udc0b Repeuplements:<\/span><\/p>\n<ul>\n<li><span style=\"color: #000000;\">Alevinage en truitelles farios (Notre-Dame, B\u00e9llioux, Sorbiou).<\/span><\/li>\n<li><span style=\"color: #000000;\">Mise en place d\u2019une pisciculture temporaire de pr\u00e9-grossissement de 10 000 alevins d\u2019ombles chevaliers et de 50 000 cor\u00e9gones en cages \u00e9clair\u00e9es \u00e0 Esparron-de-Verdon.<\/span><\/li>\n<li><span style=\"color: #000000;\">L\u00e2cher de 150 000 larves de cor\u00e9gones<\/span><\/li>\n<\/ul>\n<p><span style=\"font-family: Comic Sans MS, sans-serif; color: #000000;\">\ud83d\udc0b La gestion halieutique:<\/span><\/p>\n<ul>\n<li><span style=\"color: #000000;\">L\u00e2chers de truites arc-en-ciel dans le Colostre.<\/span><\/li>\n<li><span style=\"color: #000000;\">L\u00e2chers de grosses truites arc-en-ciel dans les lacs d&#8217;Esparron-de-Verdon, Quinson et Montpezat.<\/span><\/li>\n<li><span style=\"color: #000000;\">L\u00e2chers surprises dont seuls les membres de l&#8217;AAPPMA Verdon Colostre sont avertis par mail.<\/span><\/li>\n<\/ul>\n<p><span style=\"font-family: Comic Sans MS, sans-serif; color: #000000;\">\ud83d\udc0b Etudes et analyses:<\/span><\/p>\n<ul>\n<li><span style=\"color: #000000;\">Analyse qualit\u00e9 des eaux (Valensole, Riez, Allemagne, Saint-Martin, Gr\u00e9oux).<\/span><\/li>\n<li><span style=\"color: #000000;\">Projet TEN &#8220;roseli\u00e8re et ripisylve du lac&#8221; avec la municipalit\u00e9 d&#8217;Esparron-de-Verdon.<\/span><\/li>\n<li><span style=\"color: #000000;\">Etude des affluents (Bellioux et Sorbiou)<\/span><\/li>\n<\/ul>\n<p><span style=\"color: #000000;\">\ud83d\udc0b Formations\u00a0<strong> :<\/strong><\/span><\/p>\n<ul>\n<li><span style=\"color: #000000;\">Cr\u00e9ation de panneaux p\u00e9dagogiques\u00a0<\/span><\/li>\n<li><span style=\"color: #000000;\">D\u00e9couverte de la p\u00eache au coup, aux leurres et \u00e0 la mouche.<\/span><\/li>\n<li><span style=\"color: #000000;\">Participation aux \u00e9v\u00e9nements (f\u00eates, forums).<\/span><\/li>\n<\/ul>\n<p><span style=\"font-family: Comic Sans MS, sans-serif; color: #000000;\">\u00a0<\/span><\/p>\n<p><span style=\"font-family: Comic Sans MS, sans-serif; color: #000000;\">AAPPMA Verdon Colostre<\/span><\/p>\n","protected":false},"excerpt":{"rendered":"<p>L&#8217;AAPPMA a pour but de valoriser son patrimoine et de proposer une p\u00eache de qualit\u00e9 \u00e0 ses adh\u00e9rents. En prenant la carte de p\u00eache , vous permettez \u00e0 l\u2019association de financer nos projets. Les truites farios qui peuplent le Colostre et le Verdon sont toutes sauvages. Elles sont les descendantes d&#8217;une souche ancestrale (truite fario [&hellip;]<\/p>\n","protected":false},"author":1,"featured_media":0,"parent":73,"menu_order":0,"comment_status":"closed","ping_status":"closed","template":"template-full-width.php","meta":[],"yoast_head":"<!-- This site is optimized with the Yoast SEO plugin v14.9 - https:\/\/yoast.com\/wordpress\/plugins\/seo\/ -->\n<title>Nos actions - AAPPMA Verdon Colostre<\/title>\n<meta name=\"robots\" content=\"index, follow, max-snippet:-1, max-image-preview:large, max-video-preview:-1\" \/>\n<link rel=\"canonical\" href=\"https:\/\/aappmaverdoncolostre.fr\/index.php\/accueil\/actions-de-laappma\/\" \/>\n<meta property=\"og:locale\" content=\"fr_FR\" \/>\n<meta property=\"og:type\" content=\"article\" \/>\n<meta property=\"og:title\" content=\"Nos actions - AAPPMA Verdon Colostre\" \/>\n<meta property=\"og:description\" content=\"L&#8217;AAPPMA a pour but de valoriser son patrimoine et de proposer une p\u00eache de qualit\u00e9 \u00e0 ses adh\u00e9rents. En prenant la carte de p\u00eache , vous permettez \u00e0 l\u2019association de financer nos projets. Les truites farios qui peuplent le Colostre et le Verdon sont toutes sauvages. Elles sont les descendantes d&#8217;une souche ancestrale (truite fario [&hellip;]\" \/>\n<meta property=\"og:url\" content=\"https:\/\/aappmaverdoncolostre.fr\/index.php\/accueil\/actions-de-laappma\/\" \/>\n<meta property=\"og:site_name\" content=\"AAPPMA Verdon Colostre\" \/>\n<meta property=\"article:modified_time\" content=\"2025-02-26T14:39:53+00:00\" \/>\n<meta property=\"og:image\" content=\"http:\/\/aappmaverdoncolostre.fr\/wp-content\/uploads\/2018\/03\/les-actions-1024x465.jpg\" \/>\n<meta name=\"twitter:card\" content=\"summary_large_image\" \/>\n<script type=\"application\/ld+json\" class=\"yoast-schema-graph\">{\"@context\":\"https:\/\/schema.org\",\"@graph\":[{\"@type\":\"WebSite\",\"@id\":\"https:\/\/aappmaverdoncolostre.fr\/#website\",\"url\":\"https:\/\/aappmaverdoncolostre.fr\/\",\"name\":\"AAPPMA Verdon Colostre\",\"description\":\"P\\u00eacher dans le Verdon\",\"potentialAction\":[{\"@type\":\"SearchAction\",\"target\":\"https:\/\/aappmaverdoncolostre.fr\/?s={search_term_string}\",\"query-input\":\"required name=search_term_string\"}],\"inLanguage\":\"fr-FR\"},{\"@type\":\"ImageObject\",\"@id\":\"https:\/\/aappmaverdoncolostre.fr\/index.php\/accueil\/actions-de-laappma\/#primaryimage\",\"inLanguage\":\"fr-FR\",\"url\":\"http:\/\/aappmaverdoncolostre.fr\/wp-content\/uploads\/2018\/03\/les-actions-1024x465.jpg\"},{\"@type\":\"WebPage\",\"@id\":\"https:\/\/aappmaverdoncolostre.fr\/index.php\/accueil\/actions-de-laappma\/#webpage\",\"url\":\"https:\/\/aappmaverdoncolostre.fr\/index.php\/accueil\/actions-de-laappma\/\",\"name\":\"Nos actions - AAPPMA Verdon Colostre\",\"isPartOf\":{\"@id\":\"https:\/\/aappmaverdoncolostre.fr\/#website\"},\"primaryImageOfPage\":{\"@id\":\"https:\/\/aappmaverdoncolostre.fr\/index.php\/accueil\/actions-de-laappma\/#primaryimage\"},\"datePublished\":\"2018-02-17T14:03:56+00:00\",\"dateModified\":\"2025-02-26T14:39:53+00:00\",\"inLanguage\":\"fr-FR\",\"potentialAction\":[{\"@type\":\"ReadAction\",\"target\":[\"https:\/\/aappmaverdoncolostre.fr\/index.php\/accueil\/actions-de-laappma\/\"]}]}]}<\/script>\n<!-- \/ Yoast SEO plugin. -->","_links":{"self":[{"href":"https:\/\/aappmaverdoncolostre.fr\/index.php\/wp-json\/wp\/v2\/pages\/275"}],"collection":[{"href":"https:\/\/aappmaverdoncolostre.fr\/index.php\/wp-json\/wp\/v2\/pages"}],"about":[{"href":"https:\/\/aappmaverdoncolostre.fr\/index.php\/wp-json\/wp\/v2\/types\/page"}],"author":[{"embeddable":true,"href":"https:\/\/aappmaverdoncolostre.fr\/index.php\/wp-json\/wp\/v2\/users\/1"}],"replies":[{"embeddable":true,"href":"https:\/\/aappmaverdoncolostre.fr\/index.php\/wp-json\/wp\/v2\/comments?post=275"}],"version-history":[{"count":32,"href":"https:\/\/aappmaverdoncolostre.fr\/index.php\/wp-json\/wp\/v2\/pages\/275\/revisions"}],"predecessor-version":[{"id":2510,"href":"https:\/\/aappmaverdoncolostre.fr\/index.php\/wp-json\/wp\/v2\/pages\/275\/revisions\/2510"}],"up":[{"embeddable":true,"href":"https:\/\/aappmaverdoncolostre.fr\/index.php\/wp-json\/wp\/v2\/pages\/73"}],"wp:attachment":[{"href":"https:\/\/aappmaverdoncolostre.fr\/index.php\/wp-json\/wp\/v2\/media?parent=275"}],"curies":[{"name":"wp","href":"https:\/\/api.w.org\/{rel}","templated":true}]}}