{"id":285,"date":"2018-02-17T15:07:18","date_gmt":"2018-02-17T14:07:18","guid":{"rendered":"http:\/\/aappmaverdoncolostre.fr\/?page_id=285"},"modified":"2020-02-09T21:11:55","modified_gmt":"2020-02-09T20:11:55","slug":"emissions-radio","status":"publish","type":"page","link":"https:\/\/aappmaverdoncolostre.fr\/index.php\/accueil\/communication\/emissions-radio\/","title":{"rendered":"Emissions radio"},"content":{"rendered":"<p><span style=\"color: #000000;\"><em><span style=\"font-family: Comic Sans MS,sans-serif;\">\u00c9coutez l\u2019\u00e9mission radio &#8220;Regard d&#8217;un p\u00eacheur sur le Verdon&#8221; sur Radio Verdon<br \/>\n<\/span><\/em><\/span><\/p>\n<p><span style=\"color: #000000;\"><em>Premi\u00e8re partie:<\/em><\/span><\/p>\n<!--[if lt IE 9]><script>document.createElement('audio');<\/script><![endif]-->\n<audio class=\"wp-audio-shortcode\" id=\"audio-285-1\" preload=\"none\" style=\"width: 100%;\" controls=\"controls\"><source type=\"audio\/mpeg\" src=\"http:\/\/aappmaverdoncolostre.fr\/wp-content\/uploads\/2018\/03\/IE1FV-Regard-dun-p\u00eacheur-sur-le-Verdon-1.mp3?_=1\" \/><a href=\"http:\/\/aappmaverdoncolostre.fr\/wp-content\/uploads\/2018\/03\/IE1FV-Regard-dun-p\u00eacheur-sur-le-Verdon-1.mp3\">http:\/\/aappmaverdoncolostre.fr\/wp-content\/uploads\/2018\/03\/IE1FV-Regard-dun-p\u00eacheur-sur-le-Verdon-1.mp3<\/a><\/audio>\n<p><span style=\"color: #000000;\"><em>Deuxi\u00e8me partie:<\/em><\/span><\/p>\n<audio class=\"wp-audio-shortcode\" id=\"audio-285-2\" preload=\"none\" style=\"width: 100%;\" controls=\"controls\"><source type=\"audio\/mpeg\" src=\"http:\/\/aappmaverdoncolostre.fr\/wp-content\/uploads\/2018\/03\/IE1FV-Regard-dun-P\u00eacheur-sur-le-verdon-2.mp3?_=2\" \/><a href=\"http:\/\/aappmaverdoncolostre.fr\/wp-content\/uploads\/2018\/03\/IE1FV-Regard-dun-P\u00eacheur-sur-le-verdon-2.mp3\">http:\/\/aappmaverdoncolostre.fr\/wp-content\/uploads\/2018\/03\/IE1FV-Regard-dun-P\u00eacheur-sur-le-verdon-2.mp3<\/a><\/audio>\n","protected":false},"excerpt":{"rendered":"<p>\u00c9coutez l\u2019\u00e9mission radio &#8220;Regard d&#8217;un p\u00eacheur sur le Verdon&#8221; sur Radio Verdon Premi\u00e8re partie: Deuxi\u00e8me partie:<\/p>\n","protected":false},"author":1,"featured_media":0,"parent":281,"menu_order":0,"comment_status":"closed","ping_status":"closed","template":"template-full-width.php","meta":[],"yoast_head":"<!-- This site is optimized with the Yoast SEO plugin v14.9 - https:\/\/yoast.com\/wordpress\/plugins\/seo\/ -->\n<title>Emissions radio - AAPPMA Verdon Colostre<\/title>\n<meta name=\"robots\" content=\"index, follow, max-snippet:-1, max-image-preview:large, max-video-preview:-1\" \/>\n<link rel=\"canonical\" href=\"http:\/\/aappmaverdoncolostre.fr\/index.php\/accueil\/communication\/emissions-radio\/\" \/>\n<meta property=\"og:locale\" content=\"fr_FR\" \/>\n<meta property=\"og:type\" content=\"article\" \/>\n<meta property=\"og:title\" content=\"Emissions radio - AAPPMA Verdon Colostre\" \/>\n<meta property=\"og:description\" content=\"\u00c9coutez l\u2019\u00e9mission radio &#8220;Regard d&#8217;un p\u00eacheur sur le Verdon&#8221; sur Radio Verdon Premi\u00e8re partie: Deuxi\u00e8me partie:\" \/>\n<meta property=\"og:url\" content=\"http:\/\/aappmaverdoncolostre.fr\/index.php\/accueil\/communication\/emissions-radio\/\" \/>\n<meta property=\"og:site_name\" content=\"AAPPMA Verdon Colostre\" \/>\n<meta property=\"article:modified_time\" content=\"2020-02-09T20:11:55+00:00\" \/>\n<meta name=\"twitter:card\" content=\"summary_large_image\" \/>\n<script type=\"application\/ld+json\" class=\"yoast-schema-graph\">{\"@context\":\"https:\/\/schema.org\",\"@graph\":[{\"@type\":\"WebSite\",\"@id\":\"https:\/\/aappmaverdoncolostre.fr\/#website\",\"url\":\"https:\/\/aappmaverdoncolostre.fr\/\",\"name\":\"AAPPMA Verdon Colostre\",\"description\":\"P\\u00eacher dans le Verdon\",\"potentialAction\":[{\"@type\":\"SearchAction\",\"target\":\"https:\/\/aappmaverdoncolostre.fr\/?s={search_term_string}\",\"query-input\":\"required name=search_term_string\"}],\"inLanguage\":\"fr-FR\"},{\"@type\":\"WebPage\",\"@id\":\"http:\/\/aappmaverdoncolostre.fr\/index.php\/accueil\/communication\/emissions-radio\/#webpage\",\"url\":\"http:\/\/aappmaverdoncolostre.fr\/index.php\/accueil\/communication\/emissions-radio\/\",\"name\":\"Emissions radio - AAPPMA Verdon Colostre\",\"isPartOf\":{\"@id\":\"https:\/\/aappmaverdoncolostre.fr\/#website\"},\"datePublished\":\"2018-02-17T14:07:18+00:00\",\"dateModified\":\"2020-02-09T20:11:55+00:00\",\"inLanguage\":\"fr-FR\",\"potentialAction\":[{\"@type\":\"ReadAction\",\"target\":[\"http:\/\/aappmaverdoncolostre.fr\/index.php\/accueil\/communication\/emissions-radio\/\"]}]}]}<\/script>\n<!-- \/ Yoast SEO plugin. -->","_links":{"self":[{"href":"https:\/\/aappmaverdoncolostre.fr\/index.php\/wp-json\/wp\/v2\/pages\/285"}],"collection":[{"href":"https:\/\/aappmaverdoncolostre.fr\/index.php\/wp-json\/wp\/v2\/pages"}],"about":[{"href":"https:\/\/aappmaverdoncolostre.fr\/index.php\/wp-json\/wp\/v2\/types\/page"}],"author":[{"embeddable":true,"href":"https:\/\/aappmaverdoncolostre.fr\/index.php\/wp-json\/wp\/v2\/users\/1"}],"replies":[{"embeddable":true,"href":"https:\/\/aappmaverdoncolostre.fr\/index.php\/wp-json\/wp\/v2\/comments?post=285"}],"version-history":[{"count":6,"href":"https:\/\/aappmaverdoncolostre.fr\/index.php\/wp-json\/wp\/v2\/pages\/285\/revisions"}],"predecessor-version":[{"id":2119,"href":"https:\/\/aappmaverdoncolostre.fr\/index.php\/wp-json\/wp\/v2\/pages\/285\/revisions\/2119"}],"up":[{"embeddable":true,"href":"https:\/\/aappmaverdoncolostre.fr\/index.php\/wp-json\/wp\/v2\/pages\/281"}],"wp:attachment":[{"href":"https:\/\/aappmaverdoncolostre.fr\/index.php\/wp-json\/wp\/v2\/media?parent=285"}],"curies":[{"name":"wp","href":"https:\/\/api.w.org\/{rel}","templated":true}]}}