{"id":504,"date":"2018-02-22T16:45:55","date_gmt":"2018-02-22T15:45:55","guid":{"rendered":"http:\/\/aappmaverdoncolostre.fr\/?page_id=504"},"modified":"2020-02-09T20:57:31","modified_gmt":"2020-02-09T19:57:31","slug":"cartographie","status":"publish","type":"page","link":"https:\/\/aappmaverdoncolostre.fr\/index.php\/accueil\/cartographie\/","title":{"rendered":"Cartographie"},"content":{"rendered":"<p><span style=\"font-family: Comic Sans MS, sans-serif; color: #000000;\"><em>Situ\u00e9s au sud du plateau de Valensole, en plein Parc Naturel R\u00e9gional du Verdon, les parcours g\u00e9r\u00e9s par l&#8217;AAPPMA se trouvent \u00e0 une demi heure d&#8217;Aix-en-Provence( 13) et \u00e0 une dizaine de minute de Manosque (04).<\/em><\/span><\/p>\n<figure id=\"attachment_653\" aria-describedby=\"caption-attachment-653\" style=\"width: 780px\" class=\"wp-caption aligncenter\"><img loading=\"lazy\" class=\"wp-image-653 size-large\" src=\"http:\/\/aappmaverdoncolostre.fr\/wp-content\/uploads\/2018\/02\/Cartogrphie-1024x591.png\" alt=\"\" width=\"780\" height=\"450\" srcset=\"https:\/\/aappmaverdoncolostre.fr\/wp-content\/uploads\/2018\/02\/Cartogrphie-1024x591.png 1024w, https:\/\/aappmaverdoncolostre.fr\/wp-content\/uploads\/2018\/02\/Cartogrphie-300x173.png 300w, https:\/\/aappmaverdoncolostre.fr\/wp-content\/uploads\/2018\/02\/Cartogrphie-768x444.png 768w, https:\/\/aappmaverdoncolostre.fr\/wp-content\/uploads\/2018\/02\/Cartogrphie.png 1366w\" sizes=\"(max-width: 780px) 100vw, 780px\" \/><figcaption id=\"caption-attachment-653\" class=\"wp-caption-text\"><span style=\"color: #000000;\"><strong>Territoire de gestion AAPPMA Verdon colostre<\/strong><\/span><\/figcaption><\/figure>\n<p><a href=\"http:\/\/aappmaverdoncolostre.fr\/wp-content\/uploads\/2018\/04\/Carto_bonne_qualit\u00e9.jpg\" target=\"_blank\" rel=\"noopener noreferrer\"><img loading=\"lazy\" class=\"aligncenter wp-image-1128 size-large\" src=\"http:\/\/aappmaverdoncolostre.fr\/wp-content\/uploads\/2018\/04\/carto_basse_def-1024x780.jpg\" alt=\"\" width=\"780\" height=\"594\" srcset=\"https:\/\/aappmaverdoncolostre.fr\/wp-content\/uploads\/2018\/04\/carto_basse_def-1024x780.jpg 1024w, https:\/\/aappmaverdoncolostre.fr\/wp-content\/uploads\/2018\/04\/carto_basse_def-300x229.jpg 300w, https:\/\/aappmaverdoncolostre.fr\/wp-content\/uploads\/2018\/04\/carto_basse_def-768x585.jpg 768w\" sizes=\"(max-width: 780px) 100vw, 780px\" \/><\/a><\/p>\n<p><span style=\"font-family: Comic Sans MS, sans-serif; color: #000000;\">Ces parcours vari\u00e9s (ruisseaux, rivi\u00e8res, lacs) sont localis\u00e9s dans le dernier tiers du cours du Verdon (180km) habituellement appel\u00e9 Bas-Verdon, en aval des c\u00e9l\u00e8bres gorges du Verdon.<\/span><\/p>\n<p><span style=\"font-family: Comic Sans MS, sans-serif; color: #000000;\">Ils se r\u00e9partissent sur les territoires de neufs communes (Gr\u00e9oux-les-Bains, Valensole, Saint-Martin-de-Br\u00f4mes, Allemagne-en-Provence, Riez, Esparron-de-Verdon, Quinson, Saint-Laurent-du-Verdon, Montpezat).<\/span><\/p>\n<p><span style=\"font-family: Comic Sans MS, sans-serif; color: #000000;\">Le Bas-Verdon est un pays de gorges (basses-gorges du Verdon, gorges du Colostre) et de vall\u00e9es nich\u00e9es entre les collines de Haute-Provence et du Var et le sud du plateau de Valensole.<\/span><\/p>\n<p><span style=\"font-family: Comic Sans MS, sans-serif; color: #000000;\">Des truites sauvages et des brochets au pays de la lavande, qui s&#8217;en serait dout\u00e9 ?<\/span><\/p>\n<p><span style=\"font-family: Comic Sans MS, sans-serif; color: #000000;\">Sur les territoires amont de l&#8217;AAPPMA se trouvent les barrages artificiels cr\u00e9es dans les ann\u00e9es soixante-dix par EDF, ils forment les retenues artificielles de seconde cat\u00e9gorie piscicole portant les noms des villages d&#8217;Esparron-de-Verdon et de Quinson.<\/span><\/p>\n<p><span style=\"font-family: Comic Sans MS, sans-serif; color: #000000;\">En aval de ces ouvrages, le Verdon entre dans la vall\u00e9e de Gr\u00e9oux et re\u00e7oit sur sa rive droite les eaux de son affluent principal, le Colostre (36 kilom\u00e8tres en premi\u00e8re cat\u00e9gorie piscicole, peupl\u00e9s exclusivement de truites farios), sur les rives duquel se trouvent les villages de Riez, Allemagne-en-Provence et Saint-Martin-de-Br\u00f4mes.<\/span><\/p>\n<p><span style=\"font-family: Comic Sans MS, sans-serif; color: #000000;\">En aval de ces parcours, le Verdon est peupl\u00e9 de truites farios et de poissons blancs, il traverse la station thermale de Gr\u00e9oux-les-Bains (troisi\u00e8me station thermale de France) o\u00f9 son cours s&#8217;assagit avant d&#8217;entrer sur les territoires de la commune de Vinon-sur-Verdon.<\/span><\/p>\n","protected":false},"excerpt":{"rendered":"<p>Situ\u00e9s au sud du plateau de Valensole, en plein Parc Naturel R\u00e9gional du Verdon, les parcours g\u00e9r\u00e9s par l&#8217;AAPPMA se trouvent \u00e0 une demi heure d&#8217;Aix-en-Provence( 13) et \u00e0 une dizaine de minute de Manosque (04). Ces parcours vari\u00e9s (ruisseaux, rivi\u00e8res, lacs) sont localis\u00e9s dans le dernier tiers du cours du Verdon (180km) habituellement appel\u00e9 [&hellip;]<\/p>\n","protected":false},"author":1,"featured_media":0,"parent":73,"menu_order":0,"comment_status":"closed","ping_status":"closed","template":"template-full-width.php","meta":[],"yoast_head":"<!-- This site is optimized with the Yoast SEO plugin v14.9 - https:\/\/yoast.com\/wordpress\/plugins\/seo\/ -->\n<title>Cartographie - AAPPMA Verdon Colostre<\/title>\n<meta name=\"robots\" content=\"index, follow, max-snippet:-1, max-image-preview:large, max-video-preview:-1\" \/>\n<link rel=\"canonical\" href=\"http:\/\/aappmaverdoncolostre.fr\/index.php\/accueil\/cartographie\/\" \/>\n<meta property=\"og:locale\" content=\"fr_FR\" \/>\n<meta property=\"og:type\" content=\"article\" \/>\n<meta property=\"og:title\" content=\"Cartographie - AAPPMA Verdon Colostre\" \/>\n<meta property=\"og:description\" content=\"Situ\u00e9s au sud du plateau de Valensole, en plein Parc Naturel R\u00e9gional du Verdon, les parcours g\u00e9r\u00e9s par l&#8217;AAPPMA se trouvent \u00e0 une demi heure d&#8217;Aix-en-Provence( 13) et \u00e0 une dizaine de minute de Manosque (04). Ces parcours vari\u00e9s (ruisseaux, rivi\u00e8res, lacs) sont localis\u00e9s dans le dernier tiers du cours du Verdon (180km) habituellement appel\u00e9 [&hellip;]\" \/>\n<meta property=\"og:url\" content=\"http:\/\/aappmaverdoncolostre.fr\/index.php\/accueil\/cartographie\/\" \/>\n<meta property=\"og:site_name\" content=\"AAPPMA Verdon Colostre\" \/>\n<meta property=\"article:modified_time\" content=\"2020-02-09T19:57:31+00:00\" \/>\n<meta property=\"og:image\" content=\"http:\/\/aappmaverdoncolostre.fr\/wp-content\/uploads\/2018\/02\/Cartogrphie-1024x591.png\" \/>\n<meta name=\"twitter:card\" content=\"summary_large_image\" \/>\n<script type=\"application\/ld+json\" class=\"yoast-schema-graph\">{\"@context\":\"https:\/\/schema.org\",\"@graph\":[{\"@type\":\"WebSite\",\"@id\":\"https:\/\/aappmaverdoncolostre.fr\/#website\",\"url\":\"https:\/\/aappmaverdoncolostre.fr\/\",\"name\":\"AAPPMA Verdon Colostre\",\"description\":\"P\\u00eacher dans le Verdon\",\"potentialAction\":[{\"@type\":\"SearchAction\",\"target\":\"https:\/\/aappmaverdoncolostre.fr\/?s={search_term_string}\",\"query-input\":\"required name=search_term_string\"}],\"inLanguage\":\"fr-FR\"},{\"@type\":\"ImageObject\",\"@id\":\"http:\/\/aappmaverdoncolostre.fr\/index.php\/accueil\/cartographie\/#primaryimage\",\"inLanguage\":\"fr-FR\",\"url\":\"http:\/\/aappmaverdoncolostre.fr\/wp-content\/uploads\/2018\/02\/Cartogrphie-1024x591.png\"},{\"@type\":\"WebPage\",\"@id\":\"http:\/\/aappmaverdoncolostre.fr\/index.php\/accueil\/cartographie\/#webpage\",\"url\":\"http:\/\/aappmaverdoncolostre.fr\/index.php\/accueil\/cartographie\/\",\"name\":\"Cartographie - AAPPMA Verdon Colostre\",\"isPartOf\":{\"@id\":\"https:\/\/aappmaverdoncolostre.fr\/#website\"},\"primaryImageOfPage\":{\"@id\":\"http:\/\/aappmaverdoncolostre.fr\/index.php\/accueil\/cartographie\/#primaryimage\"},\"datePublished\":\"2018-02-22T15:45:55+00:00\",\"dateModified\":\"2020-02-09T19:57:31+00:00\",\"inLanguage\":\"fr-FR\",\"potentialAction\":[{\"@type\":\"ReadAction\",\"target\":[\"http:\/\/aappmaverdoncolostre.fr\/index.php\/accueil\/cartographie\/\"]}]}]}<\/script>\n<!-- \/ Yoast SEO plugin. -->","_links":{"self":[{"href":"https:\/\/aappmaverdoncolostre.fr\/index.php\/wp-json\/wp\/v2\/pages\/504"}],"collection":[{"href":"https:\/\/aappmaverdoncolostre.fr\/index.php\/wp-json\/wp\/v2\/pages"}],"about":[{"href":"https:\/\/aappmaverdoncolostre.fr\/index.php\/wp-json\/wp\/v2\/types\/page"}],"author":[{"embeddable":true,"href":"https:\/\/aappmaverdoncolostre.fr\/index.php\/wp-json\/wp\/v2\/users\/1"}],"replies":[{"embeddable":true,"href":"https:\/\/aappmaverdoncolostre.fr\/index.php\/wp-json\/wp\/v2\/comments?post=504"}],"version-history":[{"count":19,"href":"https:\/\/aappmaverdoncolostre.fr\/index.php\/wp-json\/wp\/v2\/pages\/504\/revisions"}],"predecessor-version":[{"id":2101,"href":"https:\/\/aappmaverdoncolostre.fr\/index.php\/wp-json\/wp\/v2\/pages\/504\/revisions\/2101"}],"up":[{"embeddable":true,"href":"https:\/\/aappmaverdoncolostre.fr\/index.php\/wp-json\/wp\/v2\/pages\/73"}],"wp:attachment":[{"href":"https:\/\/aappmaverdoncolostre.fr\/index.php\/wp-json\/wp\/v2\/media?parent=504"}],"curies":[{"name":"wp","href":"https:\/\/api.w.org\/{rel}","templated":true}]}}