{"id":508,"date":"2018-02-22T17:02:52","date_gmt":"2018-02-22T16:02:52","guid":{"rendered":"http:\/\/aappmaverdoncolostre.fr\/?page_id=508"},"modified":"2020-02-09T21:00:31","modified_gmt":"2020-02-09T20:00:31","slug":"rivieres","status":"publish","type":"page","link":"https:\/\/aappmaverdoncolostre.fr\/index.php\/biodiversite\/rivieres\/","title":{"rendered":"Rivi\u00e8res"},"content":{"rendered":"<h4><span style=\"font-family: Comic Sans MS,sans-serif;\"><strong>LE COLOSTRE<\/strong><\/span><\/h4>\n<p><img loading=\"lazy\" class=\"alignnone size-full wp-image-798\" src=\"http:\/\/aappmaverdoncolostre.fr\/wp-content\/uploads\/2018\/03\/Colostre.jpg\" alt=\"\" width=\"624\" height=\"170\" srcset=\"https:\/\/aappmaverdoncolostre.fr\/wp-content\/uploads\/2018\/03\/Colostre.jpg 624w, https:\/\/aappmaverdoncolostre.fr\/wp-content\/uploads\/2018\/03\/Colostre-300x82.jpg 300w\" sizes=\"(max-width: 624px) 100vw, 624px\" \/><\/p>\n<p><span style=\"font-family: Comic Sans MS, sans-serif; color: #000000;\">Cette rivi\u00e8re longue de 36 km est l&#8217;affluent principal du Bas-Verdon.<\/span><\/p>\n<p><span style=\"font-family: Comic Sans MS, sans-serif; color: #000000;\">Le nom du Colostre vient du latin colostrum qui signifie \u00ab lait maternel \u00bb disant ainsi assez bien son importance pour les terres qu&#8217;il traverse et la rivi\u00e8re qu&#8217;il rejoint.<\/span><\/p>\n<p><span style=\"font-family: Comic Sans MS, sans-serif; color: #000000;\">Malgr\u00e9 de nombreuses prises d&#8217;eau qui barrent son cours et changent la migration des truites en saut d&#8217;obstacles infranchissables, le Colostre a encore un d\u00e9bit naturel estim\u00e9 \u00e0 une moyenne annuelle de 1,2 m\u00e8tres cubes par seconde m\u00eame si les pr\u00e9l\u00e8vements et l&#8217;\u00e9tiage estival peuvent souvent le faire baisser en dessous de 200 litres par secondes.<\/span><\/p>\n<p><span style=\"font-family: Comic Sans MS, sans-serif; color: #000000;\">Notre AAPPMA g\u00e8re le Colostre en aval de Riez et \u00e0 hauteur des communes d&#8217;Allemagne-en-Provence et de Saint-Martin-de-Br\u00f4mes avant qu&#8217;il rejoigne le Verdon apr\u00e8s avoir travers\u00e9 les magnifiques petites gorges situ\u00e9es en aval de ce dernier village.<\/span><\/p>\n<p><span style=\"font-family: Comic Sans MS, sans-serif; color: #000000;\">Recalibr\u00e9 au bulldozer dans les ann\u00e9es soixante, son cours s&#8217;est uniformis\u00e9 mais malgr\u00e9 bien des agressions anthropiques, la truite fario reste chez elle dans le Colostre.<\/span><br \/>\n<span style=\"font-family: Comic Sans MS, sans-serif; color: #000000;\"> Le cours de cette rivi\u00e8re est rapide et \u00e9troit et les radiers sont peu profond mais on peut pratiquer toutes les techniques de p\u00eache habituelles destin\u00e9es \u00e0 la truite (lancer l\u00e9ger ou ultra-l\u00e9ger, toc, mouche s\u00e8che \u00e0 l&#8217;aide d&#8217;une canne courte). Le secteur des gorges pr\u00e9sente des secteurs plus diversifi\u00e9s et plus profonds.<\/span><\/p>\n<h4><span style=\"font-family: Comic Sans MS, sans-serif; color: #000000;\"><strong>LE VERDON<\/strong><\/span><\/h4>\n<p><span style=\"color: #000000;\"><img loading=\"lazy\" class=\"alignnone size-full wp-image-799\" src=\"http:\/\/aappmaverdoncolostre.fr\/wp-content\/uploads\/2018\/03\/Verdon.jpg\" alt=\"\" width=\"624\" height=\"170\" srcset=\"https:\/\/aappmaverdoncolostre.fr\/wp-content\/uploads\/2018\/03\/Verdon.jpg 624w, https:\/\/aappmaverdoncolostre.fr\/wp-content\/uploads\/2018\/03\/Verdon-300x82.jpg 300w\" sizes=\"(max-width: 624px) 100vw, 624px\" \/><\/span><\/p>\n<p><span style=\"font-family: Comic Sans MS, sans-serif; color: #000000;\">Ce parcours traverse la station thermale de Gr\u00e9oux-les-Bains et va de l&#8217;aval du lac d&#8217;Esparron jusqu&#8217;\u00e0 la limite du d\u00e9partement (confluence avec le Malaurie), en aval de Gr\u00e9oux-les-bains. Soit environ 9 km.<\/span><\/p>\n<p><span style=\"font-family: Comic Sans MS, sans-serif; color: #000000;\">Sur ce secteur, le bas-Verdon a un d\u00e9bit naturel de 39 m\u00e8tres cubes par secondes mais comme celui-ci se trouve dans un tron\u00e7on courcircuit\u00e9 (la restitution du d\u00e9bit se fait par l&#8217;usine hydro\u00e9lectrique de Vinon-sur-Verdon)\u00a0 son d\u00e9bit r\u00e9serv\u00e9 est de 2,2 m\u00e8tres cubes par secondes auxquels il convient d&#8217;ajouter le d\u00e9bit du Colostre.<\/span><\/p>\n<p><span style=\"font-family: Comic Sans MS, sans-serif; color: #000000;\">Le Verdon a une largeur moyenne de 15 m\u00e8tres. Secteurs calmes et radiers se succ\u00e8dent.<\/span><\/p>\n<p><span style=\"font-family: Comic Sans MS, sans-serif; color: #000000;\">Sur l&#8217;amont du parcours, la truite fario et le chabot sont les deux principales esp\u00e8ces rencontr\u00e9es. En aval de Gr\u00e9oux-les-Bains les poissons blancs apparaissent (chevesnes, barbeaux, ablettes).<\/span><\/p>\n<p><span style=\"font-family: Comic Sans MS, sans-serif; color: #000000;\">Toutes les techniques de p\u00eaches peuvent \u00eatre mise en \u0153uvre \u00e0 condition de faire preuve de finesse et de discr\u00e9tion car les truites sauvages se m\u00e9ritent !<\/span><\/p>\n","protected":false},"excerpt":{"rendered":"<p>LE COLOSTRE Cette rivi\u00e8re longue de 36 km est l&#8217;affluent principal du Bas-Verdon. Le nom du Colostre vient du latin colostrum qui signifie \u00ab lait maternel \u00bb disant ainsi assez bien son importance pour les terres qu&#8217;il traverse et la rivi\u00e8re qu&#8217;il rejoint. Malgr\u00e9 de nombreuses prises d&#8217;eau qui barrent son cours et changent la [&hellip;]<\/p>\n","protected":false},"author":1,"featured_media":0,"parent":263,"menu_order":0,"comment_status":"closed","ping_status":"closed","template":"template-full-width.php","meta":[],"yoast_head":"<!-- This site is optimized with the Yoast SEO plugin v14.9 - https:\/\/yoast.com\/wordpress\/plugins\/seo\/ -->\n<title>Rivi\u00e8res - AAPPMA Verdon Colostre<\/title>\n<meta name=\"robots\" content=\"index, follow, max-snippet:-1, max-image-preview:large, max-video-preview:-1\" \/>\n<link rel=\"canonical\" href=\"http:\/\/aappmaverdoncolostre.fr\/index.php\/biodiversite\/rivieres\/\" \/>\n<meta property=\"og:locale\" content=\"fr_FR\" \/>\n<meta property=\"og:type\" content=\"article\" \/>\n<meta property=\"og:title\" content=\"Rivi\u00e8res - AAPPMA Verdon Colostre\" \/>\n<meta property=\"og:description\" content=\"LE COLOSTRE Cette rivi\u00e8re longue de 36 km est l&#8217;affluent principal du Bas-Verdon. Le nom du Colostre vient du latin colostrum qui signifie \u00ab lait maternel \u00bb disant ainsi assez bien son importance pour les terres qu&#8217;il traverse et la rivi\u00e8re qu&#8217;il rejoint. Malgr\u00e9 de nombreuses prises d&#8217;eau qui barrent son cours et changent la [&hellip;]\" \/>\n<meta property=\"og:url\" content=\"http:\/\/aappmaverdoncolostre.fr\/index.php\/biodiversite\/rivieres\/\" \/>\n<meta property=\"og:site_name\" content=\"AAPPMA Verdon Colostre\" \/>\n<meta property=\"article:modified_time\" content=\"2020-02-09T20:00:31+00:00\" \/>\n<meta property=\"og:image\" content=\"http:\/\/aappmaverdoncolostre.fr\/wp-content\/uploads\/2018\/03\/Colostre.jpg\" \/>\n<meta name=\"twitter:card\" content=\"summary_large_image\" \/>\n<script type=\"application\/ld+json\" class=\"yoast-schema-graph\">{\"@context\":\"https:\/\/schema.org\",\"@graph\":[{\"@type\":\"WebSite\",\"@id\":\"https:\/\/aappmaverdoncolostre.fr\/#website\",\"url\":\"https:\/\/aappmaverdoncolostre.fr\/\",\"name\":\"AAPPMA Verdon Colostre\",\"description\":\"P\\u00eacher dans le Verdon\",\"potentialAction\":[{\"@type\":\"SearchAction\",\"target\":\"https:\/\/aappmaverdoncolostre.fr\/?s={search_term_string}\",\"query-input\":\"required name=search_term_string\"}],\"inLanguage\":\"fr-FR\"},{\"@type\":\"ImageObject\",\"@id\":\"http:\/\/aappmaverdoncolostre.fr\/index.php\/biodiversite\/rivieres\/#primaryimage\",\"inLanguage\":\"fr-FR\",\"url\":\"http:\/\/aappmaverdoncolostre.fr\/wp-content\/uploads\/2018\/03\/Colostre.jpg\"},{\"@type\":\"WebPage\",\"@id\":\"http:\/\/aappmaverdoncolostre.fr\/index.php\/biodiversite\/rivieres\/#webpage\",\"url\":\"http:\/\/aappmaverdoncolostre.fr\/index.php\/biodiversite\/rivieres\/\",\"name\":\"Rivi\\u00e8res - AAPPMA Verdon Colostre\",\"isPartOf\":{\"@id\":\"https:\/\/aappmaverdoncolostre.fr\/#website\"},\"primaryImageOfPage\":{\"@id\":\"http:\/\/aappmaverdoncolostre.fr\/index.php\/biodiversite\/rivieres\/#primaryimage\"},\"datePublished\":\"2018-02-22T16:02:52+00:00\",\"dateModified\":\"2020-02-09T20:00:31+00:00\",\"inLanguage\":\"fr-FR\",\"potentialAction\":[{\"@type\":\"ReadAction\",\"target\":[\"http:\/\/aappmaverdoncolostre.fr\/index.php\/biodiversite\/rivieres\/\"]}]}]}<\/script>\n<!-- \/ Yoast SEO plugin. -->","_links":{"self":[{"href":"https:\/\/aappmaverdoncolostre.fr\/index.php\/wp-json\/wp\/v2\/pages\/508"}],"collection":[{"href":"https:\/\/aappmaverdoncolostre.fr\/index.php\/wp-json\/wp\/v2\/pages"}],"about":[{"href":"https:\/\/aappmaverdoncolostre.fr\/index.php\/wp-json\/wp\/v2\/types\/page"}],"author":[{"embeddable":true,"href":"https:\/\/aappmaverdoncolostre.fr\/index.php\/wp-json\/wp\/v2\/users\/1"}],"replies":[{"embeddable":true,"href":"https:\/\/aappmaverdoncolostre.fr\/index.php\/wp-json\/wp\/v2\/comments?post=508"}],"version-history":[{"count":11,"href":"https:\/\/aappmaverdoncolostre.fr\/index.php\/wp-json\/wp\/v2\/pages\/508\/revisions"}],"predecessor-version":[{"id":2104,"href":"https:\/\/aappmaverdoncolostre.fr\/index.php\/wp-json\/wp\/v2\/pages\/508\/revisions\/2104"}],"up":[{"embeddable":true,"href":"https:\/\/aappmaverdoncolostre.fr\/index.php\/wp-json\/wp\/v2\/pages\/263"}],"wp:attachment":[{"href":"https:\/\/aappmaverdoncolostre.fr\/index.php\/wp-json\/wp\/v2\/media?parent=508"}],"curies":[{"name":"wp","href":"https:\/\/api.w.org\/{rel}","templated":true}]}}