{"id":511,"date":"2018-02-22T17:03:54","date_gmt":"2018-02-22T16:03:54","guid":{"rendered":"http:\/\/aappmaverdoncolostre.fr\/?page_id=511"},"modified":"2020-02-09T21:01:07","modified_gmt":"2020-02-09T20:01:07","slug":"lacs","status":"publish","type":"page","link":"https:\/\/aappmaverdoncolostre.fr\/index.php\/biodiversite\/lacs\/","title":{"rendered":"Lacs"},"content":{"rendered":"<p><span style=\"font-family: comics-lolo; color: #000000;\"><strong>Le lac d&#8217;Esparron<\/strong> ( encore appel\u00e9 barrage de Gr\u00e9oux, 328 ha) et <strong>le lac de Montpezat-Artignosc<\/strong> (appel\u00e9 aussi barrage de Quinson, 190 ha) sont situ\u00e9s \u00e0 80 % dans le d\u00e9partement des Alpes-de-Haute-Provence (Voir l&#8217;onglet <a style=\"color: #000000;\" href=\"http:\/\/aappmaverdoncolostre.fr\/index.php\/accueil\/cartographie\/\">&#8220;cartographie&#8221;<\/a>). N\u00e9anmoins, en raison de la bonne entente entre la f\u00e9d\u00e9ration de p\u00eache 04 et la f\u00e9d\u00e9ration de p\u00eache 83, la r\u00e9ciprocit\u00e9 sur ces plans d&#8217;eau est totale.<\/span><\/p>\n<p><span style=\"font-family: comics-lolo; color: #000000;\">L&#8217;aappma Verdon-Colostre g\u00e8re les 80% situ\u00e9s dans le d\u00e9partement des Alpes-de-Haute-Provence.<\/span><\/p>\n<p><span style=\"font-family: Comic Sans MS, sans-serif; color: #000000;\"><em>\u00a0<\/em><\/span><\/p>\n<h4><span style=\"font-family: Comic Sans MS, sans-serif; color: #000000;\"><strong>LE LAC DE QUINSON (190 hectares)<br \/>\n<\/strong><\/span><\/h4>\n<p><span style=\"font-family: Comic Sans MS, sans-serif; color: #000000;\">Il commence au pied du barrage de Sainte-Croix (gorges de Baudinard) et s&#8217;\u00e9tend jusqu&#8217;en amont du village de Quinson soit un lin\u00e9aire d&#8217;environ treize kilom\u00e8tres avec une majorit\u00e9 de falaises.<\/span><br \/>\n<span style=\"font-family: Comic Sans MS, sans-serif; color: #000000;\"> Il est possible de p\u00eacher le brochet, la perche et les poissons blancs depuis le bord sur les tron\u00e7ons de Saint-Laurent-du-Verdon \u00e0 Montpezat. En revanche, l&#8217;acc\u00e8s des gorges depuis les falaises est p\u00e9rilleux et mieux vaut pratiquer depuis une embarcation. Attention, en aval de l&#8217;usine de Sainte-Croix, malgr\u00e9 une surface calme, le courant peut y \u00eatre soutenu.<\/span><\/p>\n<h4><span style=\"font-family: Comic Sans MS, sans-serif; color: #000000;\"><strong>LE LAC D&#8217;ESPARRON (328 hectares)<br \/>\n<\/strong><\/span><\/h4>\n<p><span style=\"font-family: Comic Sans MS, sans-serif; color: #000000;\">Il se compose de 8 km de gorges en aval de Quinson et de 6 km de lac jusqu&#8217;au barrage de Gr\u00e9oux. Le village d&#8217;Esparron situ\u00e9 au milieu de ce lin\u00e9aire, sur la rive droite, lui donne son nom.<\/span><\/p>\n<p><span style=\"font-family: Comic Sans MS, sans-serif; color: #000000;\">Deux parties assez diff\u00e9rentes peuvent \u00eatre distingu\u00e9es :<\/span><\/p>\n<p><span style=\"font-family: Comic Sans MS, sans-serif; color: #000000;\">-de Quinson \u00e0 l&#8217;amont du village d&#8217;Esparron le lac remplit les basses gorges noy\u00e9es par la construction du barrage EDF. A cet endroit le lac est \u00e9troit et des falaises encadrent ses eaux.<\/span><\/p>\n<p><span style=\"font-family: Comic Sans MS, sans-serif; color: #000000;\">En aval jusqu&#8217;au barrage, nous sommes dans le lac proprement dit, celui-ci est plus accessible, on y trouve un certain nombre de plages mais les falaises ne sont jamais bien loin.<\/span><\/p>\n<p><span style=\"font-family: Comic Sans MS, sans-serif; color: #000000;\">Ces deux lacs int\u00e9ressent particuli\u00e8rement les p\u00eacheurs de brochets et de perches. Tout les ans des sujets de plus du m\u00e8tre sont captur\u00e9s, ils peuvent parfois d\u00e9passer un m\u00e8tre vingt pour plus de 14 kilos.<\/span><\/p>\n<p><span style=\"font-family: Comic Sans MS, sans-serif; color: #000000;\">Si la p\u00eache traditionnelle au vif (attention de ne pas trop laisser engamer car les brochetons sont tr\u00e8s vuln\u00e9rables&#8230;) et au poisson-mort mani\u00e9 ont toujours leurs adeptes, de plus en plus de p\u00eacheurs se tournent vers les p\u00eaches modernes au leurre qui permettent de se dispenser de la corv\u00e9e de \u00ab faire des vifs \u00bb tout en permettant d&#8217;\u00eatre rapidement en action de p\u00eache et de rel\u00e2cher dans de bonnes conditions les poissons captur\u00e9s.<\/span><\/p>\n<p><span style=\"font-family: Comic Sans MS, sans-serif; color: #000000;\">Il est \u00e9galement tr\u00e8s plaisant de faire une friture d&#8217;ablettes en p\u00eachant au coup avec une amorce de surface et une ligne l\u00e9g\u00e8re esch\u00e9e d&#8217;un asticot. Les gardons sont bien pr\u00e9sents et parfois une tr\u00e8s belle tanche peut s&#8217;inviter sous l&#8217;amor\u00e7age.<\/span><\/p>\n","protected":false},"excerpt":{"rendered":"<p>Le lac d&#8217;Esparron ( encore appel\u00e9 barrage de Gr\u00e9oux, 328 ha) et le lac de Montpezat-Artignosc (appel\u00e9 aussi barrage de Quinson, 190 ha) sont situ\u00e9s \u00e0 80 % dans le d\u00e9partement des Alpes-de-Haute-Provence (Voir l&#8217;onglet &#8220;cartographie&#8221;). N\u00e9anmoins, en raison de la bonne entente entre la f\u00e9d\u00e9ration de p\u00eache 04 et la f\u00e9d\u00e9ration de p\u00eache 83, [&hellip;]<\/p>\n","protected":false},"author":1,"featured_media":0,"parent":263,"menu_order":0,"comment_status":"closed","ping_status":"closed","template":"template-full-width.php","meta":[],"yoast_head":"<!-- This site is optimized with the Yoast SEO plugin v14.9 - https:\/\/yoast.com\/wordpress\/plugins\/seo\/ -->\n<title>Lacs - AAPPMA Verdon Colostre<\/title>\n<meta name=\"robots\" content=\"index, follow, max-snippet:-1, max-image-preview:large, max-video-preview:-1\" \/>\n<link rel=\"canonical\" href=\"http:\/\/aappmaverdoncolostre.fr\/index.php\/biodiversite\/lacs\/\" \/>\n<meta property=\"og:locale\" content=\"fr_FR\" \/>\n<meta property=\"og:type\" content=\"article\" \/>\n<meta property=\"og:title\" content=\"Lacs - AAPPMA Verdon Colostre\" \/>\n<meta property=\"og:description\" content=\"Le lac d&#8217;Esparron ( encore appel\u00e9 barrage de Gr\u00e9oux, 328 ha) et le lac de Montpezat-Artignosc (appel\u00e9 aussi barrage de Quinson, 190 ha) sont situ\u00e9s \u00e0 80 % dans le d\u00e9partement des Alpes-de-Haute-Provence (Voir l&#8217;onglet &#8220;cartographie&#8221;). N\u00e9anmoins, en raison de la bonne entente entre la f\u00e9d\u00e9ration de p\u00eache 04 et la f\u00e9d\u00e9ration de p\u00eache 83, [&hellip;]\" \/>\n<meta property=\"og:url\" content=\"http:\/\/aappmaverdoncolostre.fr\/index.php\/biodiversite\/lacs\/\" \/>\n<meta property=\"og:site_name\" content=\"AAPPMA Verdon Colostre\" \/>\n<meta property=\"article:modified_time\" content=\"2020-02-09T20:01:07+00:00\" \/>\n<meta name=\"twitter:card\" content=\"summary_large_image\" \/>\n<script type=\"application\/ld+json\" class=\"yoast-schema-graph\">{\"@context\":\"https:\/\/schema.org\",\"@graph\":[{\"@type\":\"WebSite\",\"@id\":\"https:\/\/aappmaverdoncolostre.fr\/#website\",\"url\":\"https:\/\/aappmaverdoncolostre.fr\/\",\"name\":\"AAPPMA Verdon Colostre\",\"description\":\"P\\u00eacher dans le Verdon\",\"potentialAction\":[{\"@type\":\"SearchAction\",\"target\":\"https:\/\/aappmaverdoncolostre.fr\/?s={search_term_string}\",\"query-input\":\"required name=search_term_string\"}],\"inLanguage\":\"fr-FR\"},{\"@type\":\"WebPage\",\"@id\":\"http:\/\/aappmaverdoncolostre.fr\/index.php\/biodiversite\/lacs\/#webpage\",\"url\":\"http:\/\/aappmaverdoncolostre.fr\/index.php\/biodiversite\/lacs\/\",\"name\":\"Lacs - AAPPMA Verdon Colostre\",\"isPartOf\":{\"@id\":\"https:\/\/aappmaverdoncolostre.fr\/#website\"},\"datePublished\":\"2018-02-22T16:03:54+00:00\",\"dateModified\":\"2020-02-09T20:01:07+00:00\",\"inLanguage\":\"fr-FR\",\"potentialAction\":[{\"@type\":\"ReadAction\",\"target\":[\"http:\/\/aappmaverdoncolostre.fr\/index.php\/biodiversite\/lacs\/\"]}]}]}<\/script>\n<!-- \/ Yoast SEO plugin. -->","_links":{"self":[{"href":"https:\/\/aappmaverdoncolostre.fr\/index.php\/wp-json\/wp\/v2\/pages\/511"}],"collection":[{"href":"https:\/\/aappmaverdoncolostre.fr\/index.php\/wp-json\/wp\/v2\/pages"}],"about":[{"href":"https:\/\/aappmaverdoncolostre.fr\/index.php\/wp-json\/wp\/v2\/types\/page"}],"author":[{"embeddable":true,"href":"https:\/\/aappmaverdoncolostre.fr\/index.php\/wp-json\/wp\/v2\/users\/1"}],"replies":[{"embeddable":true,"href":"https:\/\/aappmaverdoncolostre.fr\/index.php\/wp-json\/wp\/v2\/comments?post=511"}],"version-history":[{"count":16,"href":"https:\/\/aappmaverdoncolostre.fr\/index.php\/wp-json\/wp\/v2\/pages\/511\/revisions"}],"predecessor-version":[{"id":2105,"href":"https:\/\/aappmaverdoncolostre.fr\/index.php\/wp-json\/wp\/v2\/pages\/511\/revisions\/2105"}],"up":[{"embeddable":true,"href":"https:\/\/aappmaverdoncolostre.fr\/index.php\/wp-json\/wp\/v2\/pages\/263"}],"wp:attachment":[{"href":"https:\/\/aappmaverdoncolostre.fr\/index.php\/wp-json\/wp\/v2\/media?parent=511"}],"curies":[{"name":"wp","href":"https:\/\/api.w.org\/{rel}","templated":true}]}}