{"id":540,"date":"2018-02-23T16:34:39","date_gmt":"2018-02-23T15:34:39","guid":{"rendered":"http:\/\/aappmaverdoncolostre.fr\/?page_id=540"},"modified":"2020-02-09T21:04:02","modified_gmt":"2020-02-09T20:04:02","slug":"parcours-no-kill","status":"publish","type":"page","link":"https:\/\/aappmaverdoncolostre.fr\/index.php\/reglementation\/parcours-no-kill\/","title":{"rendered":"Parcours no kill"},"content":{"rendered":"<h3><span style=\"font-family: Comic Sans MS, sans-serif; color: #000000;\">P\u00eacheurs attention :<\/span><\/h3>\n<p><span style=\"font-family: Comic Sans MS, sans-serif; color: #000000;\">De l&#8217;aval du barrage d&#8217;Esparron jusqu&#8217;\u00e0 la barri\u00e8re aval du parcours de sant\u00e9 de Gr\u00e9oux-les-Bains, soit sur un lin\u00e9aire de 3400 m\u00e8tres, la p\u00eache sur la Verdon peut s&#8217;effectuer uniquement en no-kill, ce qui signifie que tout les poissons captur\u00e9s doivent \u00eatre rel\u00e2ch\u00e9s vivants.<\/span><\/p>\n<p><span style=\"font-family: Comic Sans MS, sans-serif; color: #000000;\">Ce parcours est signal\u00e9 par des panneaux.<\/span><\/p>\n<p><span style=\"font-family: Comic Sans MS, sans-serif; color: #000000;\">Ce parcours est tr\u00e8s fr\u00e9quent\u00e9, nous vous demandons de respecter scrupuleusement cette mesure (arr\u00eat\u00e9 inter-pr\u00e9fectoral.)<\/span><\/p>\n<p><span style=\"font-family: Comic Sans MS, sans-serif; color: #000000;\">L&#8217;emploi d&#8217;hame\u00e7ons triples est interdit.<\/span><\/p>\n<p><span style=\"font-family: Comic Sans MS, sans-serif; color: #000000;\">Il est obligatoire d&#8217;employer des hame\u00e7ons simples sans ardillon ou avec ardillon \u00e9cras\u00e9 afin de ne pas blesser les poisson.<\/span><\/p>\n<p><span style=\"color: #000000;\"><img loading=\"lazy\" class=\"wp-image-1182 size-large alignnone\" src=\"http:\/\/aappmaverdoncolostre.fr\/wp-content\/uploads\/2018\/05\/Plan-no-kill-1024x852.jpg\" alt=\"\" width=\"780\" height=\"649\" srcset=\"https:\/\/aappmaverdoncolostre.fr\/wp-content\/uploads\/2018\/05\/Plan-no-kill-1024x852.jpg 1024w, https:\/\/aappmaverdoncolostre.fr\/wp-content\/uploads\/2018\/05\/Plan-no-kill-300x250.jpg 300w, https:\/\/aappmaverdoncolostre.fr\/wp-content\/uploads\/2018\/05\/Plan-no-kill-768x639.jpg 768w\" sizes=\"(max-width: 780px) 100vw, 780px\" \/><\/span><\/p>\n","protected":false},"excerpt":{"rendered":"<p>P\u00eacheurs attention : De l&#8217;aval du barrage d&#8217;Esparron jusqu&#8217;\u00e0 la barri\u00e8re aval du parcours de sant\u00e9 de Gr\u00e9oux-les-Bains, soit sur un lin\u00e9aire de 3400 m\u00e8tres, la p\u00eache sur la Verdon peut s&#8217;effectuer uniquement en no-kill, ce qui signifie que tout les poissons captur\u00e9s doivent \u00eatre rel\u00e2ch\u00e9s vivants. Ce parcours est signal\u00e9 par des panneaux. Ce [&hellip;]<\/p>\n","protected":false},"author":1,"featured_media":0,"parent":258,"menu_order":0,"comment_status":"closed","ping_status":"closed","template":"template-full-width.php","meta":[],"yoast_head":"<!-- This site is optimized with the Yoast SEO plugin v14.9 - https:\/\/yoast.com\/wordpress\/plugins\/seo\/ -->\n<title>Parcours no kill - AAPPMA Verdon Colostre<\/title>\n<meta name=\"robots\" content=\"index, follow, max-snippet:-1, max-image-preview:large, max-video-preview:-1\" \/>\n<link rel=\"canonical\" href=\"http:\/\/aappmaverdoncolostre.fr\/index.php\/reglementation\/parcours-no-kill\/\" \/>\n<meta property=\"og:locale\" content=\"fr_FR\" \/>\n<meta property=\"og:type\" content=\"article\" \/>\n<meta property=\"og:title\" content=\"Parcours no kill - AAPPMA Verdon Colostre\" \/>\n<meta property=\"og:description\" content=\"P\u00eacheurs attention : De l&#8217;aval du barrage d&#8217;Esparron jusqu&#8217;\u00e0 la barri\u00e8re aval du parcours de sant\u00e9 de Gr\u00e9oux-les-Bains, soit sur un lin\u00e9aire de 3400 m\u00e8tres, la p\u00eache sur la Verdon peut s&#8217;effectuer uniquement en no-kill, ce qui signifie que tout les poissons captur\u00e9s doivent \u00eatre rel\u00e2ch\u00e9s vivants. Ce parcours est signal\u00e9 par des panneaux. Ce [&hellip;]\" \/>\n<meta property=\"og:url\" content=\"http:\/\/aappmaverdoncolostre.fr\/index.php\/reglementation\/parcours-no-kill\/\" \/>\n<meta property=\"og:site_name\" content=\"AAPPMA Verdon Colostre\" \/>\n<meta property=\"article:modified_time\" content=\"2020-02-09T20:04:02+00:00\" \/>\n<meta property=\"og:image\" content=\"http:\/\/aappmaverdoncolostre.fr\/wp-content\/uploads\/2018\/05\/Plan-no-kill-1024x852.jpg\" \/>\n<meta name=\"twitter:card\" content=\"summary_large_image\" \/>\n<script type=\"application\/ld+json\" class=\"yoast-schema-graph\">{\"@context\":\"https:\/\/schema.org\",\"@graph\":[{\"@type\":\"WebSite\",\"@id\":\"https:\/\/aappmaverdoncolostre.fr\/#website\",\"url\":\"https:\/\/aappmaverdoncolostre.fr\/\",\"name\":\"AAPPMA Verdon Colostre\",\"description\":\"P\\u00eacher dans le Verdon\",\"potentialAction\":[{\"@type\":\"SearchAction\",\"target\":\"https:\/\/aappmaverdoncolostre.fr\/?s={search_term_string}\",\"query-input\":\"required name=search_term_string\"}],\"inLanguage\":\"fr-FR\"},{\"@type\":\"ImageObject\",\"@id\":\"http:\/\/aappmaverdoncolostre.fr\/index.php\/reglementation\/parcours-no-kill\/#primaryimage\",\"inLanguage\":\"fr-FR\",\"url\":\"http:\/\/aappmaverdoncolostre.fr\/wp-content\/uploads\/2018\/05\/Plan-no-kill-1024x852.jpg\"},{\"@type\":\"WebPage\",\"@id\":\"http:\/\/aappmaverdoncolostre.fr\/index.php\/reglementation\/parcours-no-kill\/#webpage\",\"url\":\"http:\/\/aappmaverdoncolostre.fr\/index.php\/reglementation\/parcours-no-kill\/\",\"name\":\"Parcours no kill - AAPPMA Verdon Colostre\",\"isPartOf\":{\"@id\":\"https:\/\/aappmaverdoncolostre.fr\/#website\"},\"primaryImageOfPage\":{\"@id\":\"http:\/\/aappmaverdoncolostre.fr\/index.php\/reglementation\/parcours-no-kill\/#primaryimage\"},\"datePublished\":\"2018-02-23T15:34:39+00:00\",\"dateModified\":\"2020-02-09T20:04:02+00:00\",\"inLanguage\":\"fr-FR\",\"potentialAction\":[{\"@type\":\"ReadAction\",\"target\":[\"http:\/\/aappmaverdoncolostre.fr\/index.php\/reglementation\/parcours-no-kill\/\"]}]}]}<\/script>\n<!-- \/ Yoast SEO plugin. -->","_links":{"self":[{"href":"https:\/\/aappmaverdoncolostre.fr\/index.php\/wp-json\/wp\/v2\/pages\/540"}],"collection":[{"href":"https:\/\/aappmaverdoncolostre.fr\/index.php\/wp-json\/wp\/v2\/pages"}],"about":[{"href":"https:\/\/aappmaverdoncolostre.fr\/index.php\/wp-json\/wp\/v2\/types\/page"}],"author":[{"embeddable":true,"href":"https:\/\/aappmaverdoncolostre.fr\/index.php\/wp-json\/wp\/v2\/users\/1"}],"replies":[{"embeddable":true,"href":"https:\/\/aappmaverdoncolostre.fr\/index.php\/wp-json\/wp\/v2\/comments?post=540"}],"version-history":[{"count":11,"href":"https:\/\/aappmaverdoncolostre.fr\/index.php\/wp-json\/wp\/v2\/pages\/540\/revisions"}],"predecessor-version":[{"id":2110,"href":"https:\/\/aappmaverdoncolostre.fr\/index.php\/wp-json\/wp\/v2\/pages\/540\/revisions\/2110"}],"up":[{"embeddable":true,"href":"https:\/\/aappmaverdoncolostre.fr\/index.php\/wp-json\/wp\/v2\/pages\/258"}],"wp:attachment":[{"href":"https:\/\/aappmaverdoncolostre.fr\/index.php\/wp-json\/wp\/v2\/media?parent=540"}],"curies":[{"name":"wp","href":"https:\/\/api.w.org\/{rel}","templated":true}]}}