{"id":546,"date":"2018-02-23T16:39:28","date_gmt":"2018-02-23T15:39:28","guid":{"rendered":"http:\/\/aappmaverdoncolostre.fr\/?page_id=546"},"modified":"2023-01-06T11:54:00","modified_gmt":"2023-01-06T10:54:00","slug":"taille-et-nombre-de-captures","status":"publish","type":"page","link":"https:\/\/aappmaverdoncolostre.fr\/index.php\/reglementation\/taille-et-nombre-de-captures\/","title":{"rendered":"Taille et nombre de captures"},"content":{"rendered":"<h2><span style=\"color: #000000;\"><span style=\"font-family: Comic\\ Sans\\ MS, sans-serif; font-size: 14pt;\">LACS :<\/span><span style=\"font-family: Comic Sans MS,sans-serif; font-size: 12pt;\"><img loading=\"lazy\" class=\"alignright wp-image-817 \" src=\"http:\/\/aappmaverdoncolostre.fr\/wp-content\/uploads\/2018\/03\/Brochet-sous-la-neige-1024x576.jpg\" alt=\"\" width=\"530\" height=\"298\" srcset=\"https:\/\/aappmaverdoncolostre.fr\/wp-content\/uploads\/2018\/03\/Brochet-sous-la-neige.jpg 1024w, https:\/\/aappmaverdoncolostre.fr\/wp-content\/uploads\/2018\/03\/Brochet-sous-la-neige-300x169.jpg 300w, https:\/\/aappmaverdoncolostre.fr\/wp-content\/uploads\/2018\/03\/Brochet-sous-la-neige-768x432.jpg 768w\" sizes=\"(max-width: 530px) 100vw, 530px\" \/><\/span><\/span><\/h2>\n<p><span style=\"font-family: Comic Sans MS, sans-serif; font-size: 12pt; color: #000000;\"><strong><span style=\"color: #000080;\">Brochet<\/span>:<\/strong> 60cm, deux poissons par jour maximum <\/span><\/p>\n<p><span style=\"font-family: Comic Sans MS, sans-serif; font-size: 12pt; color: #000000;\"><span style=\"color: #000080;\"><strong>Truite farios<\/strong><\/span>: 40 cm ,trois poissons par jour maximum<\/span><\/p>\n<p><span style=\"font-family: Comic Sans MS, sans-serif; font-size: 12pt; color: #000000;\"><strong><span style=\"color: #000080;\">Truites Arc en ciel<\/span><\/strong>: 23cm, 6 poissons par jour maximum<\/span><\/p>\n<p><span style=\"font-family: Comic Sans MS, sans-serif; font-size: 14pt; color: #000000;\">RIVIERES :<\/span><\/p>\n<ul>\n<li><span style=\"font-family: Comic Sans MS, sans-serif; font-size: 12pt; color: #000000;\"><em><strong>Verdon fin du No-KILL (Gr\u00e9oux les bains) jusqu&#8217;\u00e0 limite du d\u00e9partement <\/strong>:<\/em><\/span><\/li>\n<\/ul>\n<p><span style=\"font-family: Comic Sans MS, sans-serif; font-size: 12pt; color: #000000;\"><strong><span style=\"color: #000080;\">Truite fario<\/span><\/strong>:\u00a0 30cm par arr\u00eat\u00e9 pr\u00e9fectoral, 6 poissons par jour par r\u00e8glement int\u00e9rieur.<\/span><\/p>\n<p><span style=\"font-family: Comic Sans MS, sans-serif; font-size: 12pt; color: #000000;\"><strong><span style=\"color: #000080;\">Truite arc-en-ciel:<\/span><\/strong> 23 cm, 6 poissons par jour par r\u00e8glement int\u00e9rieur.<\/span><\/p>\n<ul>\n<li><span style=\"color: #000000;\"><strong><span style=\"font-family: Comic Sans MS,sans-serif; font-size: 12pt;\"><em>Affluents du Verdon:<\/em><\/span><\/strong><\/span><\/li>\n<\/ul>\n<p><span style=\"font-family: Comic Sans MS, sans-serif; font-size: 12pt; color: #000000;\"><strong><span style=\"color: #000080;\">Truite fario:<\/span><\/strong> 23cm et 6 poissons par jour .<\/span><\/p>\n<p><span style=\"font-family: Comic Sans MS, sans-serif; font-size: 12pt; color: #000000;\"><strong><span style=\"color: #000080;\">Truite arc-en-ciel<\/span>:<\/strong> 23 cm, 6 poissons par jour<br \/>\n<\/span><\/p>\n<p><span style=\"color: #000000;\"><em><span style=\"font-family: Comic Sans MS,sans-serif; font-size: 12pt;\">Dans le Verdon il est interdit de marcher dans l&#8217;eau jusqu\u2019au 30 avril\u00a0par arr\u00eat\u00e9 pr\u00e9fectoral afin de prot\u00e9ger les fray\u00e8res des truites et leurs alevins qui sont encore cach\u00e9s dans les galets apr\u00e8s l\u2019ouverture.<\/span><\/em><\/span><\/p>\n","protected":false},"excerpt":{"rendered":"<p>LACS : Brochet: 60cm, deux poissons par jour maximum Truite farios: 40 cm ,trois poissons par jour maximum Truites Arc en ciel: 23cm, 6 poissons par jour maximum RIVIERES : Verdon fin du No-KILL (Gr\u00e9oux les bains) jusqu&#8217;\u00e0 limite du d\u00e9partement : Truite fario:\u00a0 30cm par arr\u00eat\u00e9 pr\u00e9fectoral, 6 poissons par jour par r\u00e8glement int\u00e9rieur. [&hellip;]<\/p>\n","protected":false},"author":1,"featured_media":0,"parent":258,"menu_order":0,"comment_status":"closed","ping_status":"closed","template":"template-full-width.php","meta":[],"yoast_head":"<!-- This site is optimized with the Yoast SEO plugin v14.9 - https:\/\/yoast.com\/wordpress\/plugins\/seo\/ -->\n<title>Taille et nombre de captures - AAPPMA Verdon Colostre<\/title>\n<meta name=\"robots\" content=\"index, follow, max-snippet:-1, max-image-preview:large, max-video-preview:-1\" \/>\n<link rel=\"canonical\" href=\"https:\/\/aappmaverdoncolostre.fr\/index.php\/reglementation\/taille-et-nombre-de-captures\/\" \/>\n<meta property=\"og:locale\" content=\"fr_FR\" \/>\n<meta property=\"og:type\" content=\"article\" \/>\n<meta property=\"og:title\" content=\"Taille et nombre de captures - AAPPMA Verdon Colostre\" \/>\n<meta property=\"og:description\" content=\"LACS : Brochet: 60cm, deux poissons par jour maximum Truite farios: 40 cm ,trois poissons par jour maximum Truites Arc en ciel: 23cm, 6 poissons par jour maximum RIVIERES : Verdon fin du No-KILL (Gr\u00e9oux les bains) jusqu&#8217;\u00e0 limite du d\u00e9partement : Truite fario:\u00a0 30cm par arr\u00eat\u00e9 pr\u00e9fectoral, 6 poissons par jour par r\u00e8glement int\u00e9rieur. [&hellip;]\" \/>\n<meta property=\"og:url\" content=\"https:\/\/aappmaverdoncolostre.fr\/index.php\/reglementation\/taille-et-nombre-de-captures\/\" \/>\n<meta property=\"og:site_name\" content=\"AAPPMA Verdon Colostre\" \/>\n<meta property=\"article:modified_time\" content=\"2023-01-06T10:54:00+00:00\" \/>\n<meta property=\"og:image\" content=\"http:\/\/aappmaverdoncolostre.fr\/wp-content\/uploads\/2018\/03\/Brochet-sous-la-neige-1024x576.jpg\" \/>\n<meta name=\"twitter:card\" content=\"summary_large_image\" \/>\n<script type=\"application\/ld+json\" class=\"yoast-schema-graph\">{\"@context\":\"https:\/\/schema.org\",\"@graph\":[{\"@type\":\"WebSite\",\"@id\":\"https:\/\/aappmaverdoncolostre.fr\/#website\",\"url\":\"https:\/\/aappmaverdoncolostre.fr\/\",\"name\":\"AAPPMA Verdon Colostre\",\"description\":\"P\\u00eacher dans le Verdon\",\"potentialAction\":[{\"@type\":\"SearchAction\",\"target\":\"https:\/\/aappmaverdoncolostre.fr\/?s={search_term_string}\",\"query-input\":\"required name=search_term_string\"}],\"inLanguage\":\"fr-FR\"},{\"@type\":\"ImageObject\",\"@id\":\"https:\/\/aappmaverdoncolostre.fr\/index.php\/reglementation\/taille-et-nombre-de-captures\/#primaryimage\",\"inLanguage\":\"fr-FR\",\"url\":\"http:\/\/aappmaverdoncolostre.fr\/wp-content\/uploads\/2018\/03\/Brochet-sous-la-neige-1024x576.jpg\"},{\"@type\":\"WebPage\",\"@id\":\"https:\/\/aappmaverdoncolostre.fr\/index.php\/reglementation\/taille-et-nombre-de-captures\/#webpage\",\"url\":\"https:\/\/aappmaverdoncolostre.fr\/index.php\/reglementation\/taille-et-nombre-de-captures\/\",\"name\":\"Taille et nombre de captures - AAPPMA Verdon Colostre\",\"isPartOf\":{\"@id\":\"https:\/\/aappmaverdoncolostre.fr\/#website\"},\"primaryImageOfPage\":{\"@id\":\"https:\/\/aappmaverdoncolostre.fr\/index.php\/reglementation\/taille-et-nombre-de-captures\/#primaryimage\"},\"datePublished\":\"2018-02-23T15:39:28+00:00\",\"dateModified\":\"2023-01-06T10:54:00+00:00\",\"inLanguage\":\"fr-FR\",\"potentialAction\":[{\"@type\":\"ReadAction\",\"target\":[\"https:\/\/aappmaverdoncolostre.fr\/index.php\/reglementation\/taille-et-nombre-de-captures\/\"]}]}]}<\/script>\n<!-- \/ Yoast SEO plugin. -->","_links":{"self":[{"href":"https:\/\/aappmaverdoncolostre.fr\/index.php\/wp-json\/wp\/v2\/pages\/546"}],"collection":[{"href":"https:\/\/aappmaverdoncolostre.fr\/index.php\/wp-json\/wp\/v2\/pages"}],"about":[{"href":"https:\/\/aappmaverdoncolostre.fr\/index.php\/wp-json\/wp\/v2\/types\/page"}],"author":[{"embeddable":true,"href":"https:\/\/aappmaverdoncolostre.fr\/index.php\/wp-json\/wp\/v2\/users\/1"}],"replies":[{"embeddable":true,"href":"https:\/\/aappmaverdoncolostre.fr\/index.php\/wp-json\/wp\/v2\/comments?post=546"}],"version-history":[{"count":26,"href":"https:\/\/aappmaverdoncolostre.fr\/index.php\/wp-json\/wp\/v2\/pages\/546\/revisions"}],"predecessor-version":[{"id":2415,"href":"https:\/\/aappmaverdoncolostre.fr\/index.php\/wp-json\/wp\/v2\/pages\/546\/revisions\/2415"}],"up":[{"embeddable":true,"href":"https:\/\/aappmaverdoncolostre.fr\/index.php\/wp-json\/wp\/v2\/pages\/258"}],"wp:attachment":[{"href":"https:\/\/aappmaverdoncolostre.fr\/index.php\/wp-json\/wp\/v2\/media?parent=546"}],"curies":[{"name":"wp","href":"https:\/\/api.w.org\/{rel}","templated":true}]}}