{"id":90,"date":"2018-02-16T15:58:01","date_gmt":"2018-02-16T14:58:01","guid":{"rendered":"http:\/\/aappmaverdoncolostre.fr\/?page_id=90"},"modified":"2020-02-09T20:56:42","modified_gmt":"2020-02-09T19:56:42","slug":"presentation","status":"publish","type":"page","link":"https:\/\/aappmaverdoncolostre.fr\/index.php\/accueil\/presentation\/","title":{"rendered":"Pr\u00e9sentation"},"content":{"rendered":"<p><img loading=\"lazy\" class=\"size-medium wp-image-95 alignright\" src=\"http:\/\/aappmaverdoncolostre.fr\/wp-content\/uploads\/2018\/02\/slider_1-300x188.png\" alt=\"\" width=\"300\" height=\"188\" srcset=\"https:\/\/aappmaverdoncolostre.fr\/wp-content\/uploads\/2018\/02\/slider_1-300x188.png 300w, https:\/\/aappmaverdoncolostre.fr\/wp-content\/uploads\/2018\/02\/slider_1-768x480.png 768w, https:\/\/aappmaverdoncolostre.fr\/wp-content\/uploads\/2018\/02\/slider_1-1024x640.png 1024w, https:\/\/aappmaverdoncolostre.fr\/wp-content\/uploads\/2018\/02\/slider_1.png 1680w\" sizes=\"(max-width: 300px) 100vw, 300px\" \/><span style=\"font-size: 12pt; color: #000000;\"><span style=\"font-family: Comic Sans MS,sans-serif;\">Situ\u00e9e dans le sud de la France, dans le d\u00e9partement des <strong>Alpes-de-Haute-Provence<\/strong>, l&#8217;Association Agr\u00e9\u00e9e pour la P\u00eache et de Protection du Milieu Aquatique VERDON-COLOSTRE offre un domaine de p\u00eache \u00e9tendu sur un vaste territoire de lacs et rivi\u00e8res.<\/span><\/span><\/p>\n<p><span style=\"font-size: 12pt; color: #000000;\"><span style=\"font-family: Comic Sans MS,sans-serif;\"><strong>La truite fario m\u00e9diterran\u00e9enne<\/strong> est la reine de ce domaine d&#8217;eaux vives, alors que brochets, perches et poissons blancs abondent dans les lacs.<\/span><\/span><\/p>\n<p><span style=\"font-size: 12pt; color: #000000;\"><span style=\"font-family: Comic Sans MS,sans-serif;\">Entre gorges et collines, entre iscles et vall\u00e9es, vous vous apercevrez vite que <strong>la Provence<\/strong> est une terre de p\u00eache insoup\u00e7onn\u00e9e.<\/span><\/span><\/p>\n","protected":false},"excerpt":{"rendered":"<p>Situ\u00e9e dans le sud de la France, dans le d\u00e9partement des Alpes-de-Haute-Provence, l&#8217;Association Agr\u00e9\u00e9e pour la P\u00eache et de Protection du Milieu Aquatique VERDON-COLOSTRE offre un domaine de p\u00eache \u00e9tendu sur un vaste territoire de lacs et rivi\u00e8res. La truite fario m\u00e9diterran\u00e9enne est la reine de ce domaine d&#8217;eaux vives, alors que brochets, perches et [&hellip;]<\/p>\n","protected":false},"author":1,"featured_media":0,"parent":73,"menu_order":0,"comment_status":"closed","ping_status":"closed","template":"template-full-width.php","meta":[],"yoast_head":"<!-- This site is optimized with the Yoast SEO plugin v14.9 - https:\/\/yoast.com\/wordpress\/plugins\/seo\/ -->\n<title>Pr\u00e9sentation - AAPPMA Verdon Colostre<\/title>\n<meta name=\"robots\" content=\"index, follow, max-snippet:-1, max-image-preview:large, max-video-preview:-1\" \/>\n<link rel=\"canonical\" href=\"http:\/\/aappmaverdoncolostre.fr\/index.php\/accueil\/presentation\/\" \/>\n<meta property=\"og:locale\" content=\"fr_FR\" \/>\n<meta property=\"og:type\" content=\"article\" \/>\n<meta property=\"og:title\" content=\"Pr\u00e9sentation - AAPPMA Verdon Colostre\" \/>\n<meta property=\"og:description\" content=\"Situ\u00e9e dans le sud de la France, dans le d\u00e9partement des Alpes-de-Haute-Provence, l&#8217;Association Agr\u00e9\u00e9e pour la P\u00eache et de Protection du Milieu Aquatique VERDON-COLOSTRE offre un domaine de p\u00eache \u00e9tendu sur un vaste territoire de lacs et rivi\u00e8res. La truite fario m\u00e9diterran\u00e9enne est la reine de ce domaine d&#8217;eaux vives, alors que brochets, perches et [&hellip;]\" \/>\n<meta property=\"og:url\" content=\"http:\/\/aappmaverdoncolostre.fr\/index.php\/accueil\/presentation\/\" \/>\n<meta property=\"og:site_name\" content=\"AAPPMA Verdon Colostre\" \/>\n<meta property=\"article:modified_time\" content=\"2020-02-09T19:56:42+00:00\" \/>\n<meta property=\"og:image\" content=\"http:\/\/aappmaverdoncolostre.fr\/wp-content\/uploads\/2018\/02\/slider_1-300x188.png\" \/>\n<meta name=\"twitter:card\" content=\"summary_large_image\" \/>\n<script type=\"application\/ld+json\" class=\"yoast-schema-graph\">{\"@context\":\"https:\/\/schema.org\",\"@graph\":[{\"@type\":\"WebSite\",\"@id\":\"https:\/\/aappmaverdoncolostre.fr\/#website\",\"url\":\"https:\/\/aappmaverdoncolostre.fr\/\",\"name\":\"AAPPMA Verdon Colostre\",\"description\":\"P\\u00eacher dans le Verdon\",\"potentialAction\":[{\"@type\":\"SearchAction\",\"target\":\"https:\/\/aappmaverdoncolostre.fr\/?s={search_term_string}\",\"query-input\":\"required name=search_term_string\"}],\"inLanguage\":\"fr-FR\"},{\"@type\":\"ImageObject\",\"@id\":\"http:\/\/aappmaverdoncolostre.fr\/index.php\/accueil\/presentation\/#primaryimage\",\"inLanguage\":\"fr-FR\",\"url\":\"http:\/\/aappmaverdoncolostre.fr\/wp-content\/uploads\/2018\/02\/slider_1-300x188.png\"},{\"@type\":\"WebPage\",\"@id\":\"http:\/\/aappmaverdoncolostre.fr\/index.php\/accueil\/presentation\/#webpage\",\"url\":\"http:\/\/aappmaverdoncolostre.fr\/index.php\/accueil\/presentation\/\",\"name\":\"Pr\\u00e9sentation - AAPPMA Verdon Colostre\",\"isPartOf\":{\"@id\":\"https:\/\/aappmaverdoncolostre.fr\/#website\"},\"primaryImageOfPage\":{\"@id\":\"http:\/\/aappmaverdoncolostre.fr\/index.php\/accueil\/presentation\/#primaryimage\"},\"datePublished\":\"2018-02-16T14:58:01+00:00\",\"dateModified\":\"2020-02-09T19:56:42+00:00\",\"inLanguage\":\"fr-FR\",\"potentialAction\":[{\"@type\":\"ReadAction\",\"target\":[\"http:\/\/aappmaverdoncolostre.fr\/index.php\/accueil\/presentation\/\"]}]}]}<\/script>\n<!-- \/ Yoast SEO plugin. -->","_links":{"self":[{"href":"https:\/\/aappmaverdoncolostre.fr\/index.php\/wp-json\/wp\/v2\/pages\/90"}],"collection":[{"href":"https:\/\/aappmaverdoncolostre.fr\/index.php\/wp-json\/wp\/v2\/pages"}],"about":[{"href":"https:\/\/aappmaverdoncolostre.fr\/index.php\/wp-json\/wp\/v2\/types\/page"}],"author":[{"embeddable":true,"href":"https:\/\/aappmaverdoncolostre.fr\/index.php\/wp-json\/wp\/v2\/users\/1"}],"replies":[{"embeddable":true,"href":"https:\/\/aappmaverdoncolostre.fr\/index.php\/wp-json\/wp\/v2\/comments?post=90"}],"version-history":[{"count":14,"href":"https:\/\/aappmaverdoncolostre.fr\/index.php\/wp-json\/wp\/v2\/pages\/90\/revisions"}],"predecessor-version":[{"id":2100,"href":"https:\/\/aappmaverdoncolostre.fr\/index.php\/wp-json\/wp\/v2\/pages\/90\/revisions\/2100"}],"up":[{"embeddable":true,"href":"https:\/\/aappmaverdoncolostre.fr\/index.php\/wp-json\/wp\/v2\/pages\/73"}],"wp:attachment":[{"href":"https:\/\/aappmaverdoncolostre.fr\/index.php\/wp-json\/wp\/v2\/media?parent=90"}],"curies":[{"name":"wp","href":"https:\/\/api.w.org\/{rel}","templated":true}]}}