{"id":960,"date":"2018-03-16T12:14:34","date_gmt":"2018-03-16T11:14:34","guid":{"rendered":"http:\/\/aappmaverdoncolostre.fr\/?page_id=960"},"modified":"2020-02-09T21:05:04","modified_gmt":"2020-02-09T20:05:04","slug":"infractions","status":"publish","type":"page","link":"https:\/\/aappmaverdoncolostre.fr\/index.php\/reglementation\/infractions\/","title":{"rendered":"Infractions"},"content":{"rendered":"<h4><span style=\"font-family: Comic Sans MS, sans-serif; color: #000000;\">Que faire si vous constatez une infraction (Pollution, non-respect de la loi p\u00eache, non-respect de d\u00e9bit minimum)<\/span><\/h4>\n<p><span style=\"color: #000000;\"><em><span style=\"font-family: Comic Sans MS,sans-serif;\">La pr\u00e9servation de nos rivi\u00e8res est l&#8217;affaire de tous. Vous-m\u00eame, p\u00eacheurs, lors de l&#8217;achat de votre carte de p\u00eache, vous devenez membre actif de l&#8217;AAPPMA Verdon Colostre \u00e0 laquelle vous adh\u00e9rez.<\/span><\/em><\/span><\/p>\n<p><span style=\"color: #000000;\"><em><span style=\"font-family: Comic Sans MS,sans-serif;\">Il est d\u00e8s lors de votre devoir de prot\u00e9ger ce patrimoine piscicole en signalant toute anomalie. Nul n&#8217;est mieux plac\u00e9 qu&#8217;un p\u00eacheur pour observer les cours d&#8217;eau.<\/span><\/em><\/span><\/p>\n<ul>\n<li><span style=\"font-family: Comic Sans MS, sans-serif; color: #000000;\">Avant d&#8217;agir, il vous faut <strong>collecter le maximum d&#8217;informations<\/strong> :<\/span><\/li>\n<\/ul>\n<p><span style=\"font-family: Comic Sans MS, sans-serif; color: #000000;\">Localisez le lieu, le nom du cours d&#8217;eau, le lieu-dit, la rive,etc., et soyez aussi pr\u00e9cis que possible.<\/span><\/p>\n<p><span style=\"font-family: Comic Sans MS, sans-serif; color: #000000;\">Prenez des photos (date et heure \u00e0 l&#8217;appui), si vous en avez la possibilit\u00e9 et \u00e0 nous les transmettre contact@appmaverdoncolostre.fr<\/span><\/p>\n<ul>\n<li><span style=\"font-family: Comic Sans MS, sans-serif; color: #000000;\">Ensuite, il vous faut <strong>contacter<\/strong> imm\u00e9diatement l&#8217;un des 3 intervenants suivant :<\/span><\/li>\n<\/ul>\n<p><span style=\"font-family: Comic Sans MS, sans-serif; color: #000000;\">Le garde-p\u00eache: 0682170665 <\/span><\/p>\n<p><span style=\"font-family: Comic Sans MS, sans-serif; color: #000000;\">Le pr\u00e9sident: 0672264428 <\/span><\/p>\n<p><span style=\"font-family: Comic Sans MS, sans-serif; color: #000000;\">La f\u00e9d\u00e9ration de p\u00eache du 04 : 04 92 32 25 40<\/span><\/p>\n<ul>\n<li><span style=\"font-family: Comic Sans MS, sans-serif; color: #000000;\">Que se passe-t-il ensuite ?<\/span><\/li>\n<\/ul>\n<p><span style=\"font-family: Comic Sans MS, sans-serif; color: #000000;\">Les services comp\u00e9tents doivent se d\u00e9placer rapidement sur place pour effectuer un constat .La r\u00e9paration du pr\u00e9judice subi peut intervenir soit par une transaction amiable, soit \u00e0 l&#8217;issue d&#8217;une proc\u00e9dure civile ou p\u00e9nale.<\/span><\/p>\n<p><span style=\"font-family: Comic Sans MS, sans-serif; color: #000000;\">La transaction amiable constitue la 1\u00e8re d\u00e9marche engag\u00e9e syst\u00e9matiquement avant d&#8217;ester en justice.<\/span><\/p>\n<p><span style=\"color: #000000;\"><strong><span style=\"font-family: Comic Sans MS, sans-serif;\">ENSEMBLE, PROT\u00c9GEONS DURABLEMENT NOTRE PATRIMOINE NATUREL .<br \/>\n<\/span><\/strong><\/span><\/p>\n","protected":false},"excerpt":{"rendered":"<p>Que faire si vous constatez une infraction (Pollution, non-respect de la loi p\u00eache, non-respect de d\u00e9bit minimum) La pr\u00e9servation de nos rivi\u00e8res est l&#8217;affaire de tous. Vous-m\u00eame, p\u00eacheurs, lors de l&#8217;achat de votre carte de p\u00eache, vous devenez membre actif de l&#8217;AAPPMA Verdon Colostre \u00e0 laquelle vous adh\u00e9rez. Il est d\u00e8s lors de votre devoir [&hellip;]<\/p>\n","protected":false},"author":1,"featured_media":0,"parent":258,"menu_order":0,"comment_status":"closed","ping_status":"closed","template":"template-full-width.php","meta":[],"yoast_head":"<!-- This site is optimized with the Yoast SEO plugin v14.9 - https:\/\/yoast.com\/wordpress\/plugins\/seo\/ -->\n<title>Infractions - AAPPMA Verdon Colostre<\/title>\n<meta name=\"robots\" content=\"index, follow, max-snippet:-1, max-image-preview:large, max-video-preview:-1\" \/>\n<link rel=\"canonical\" href=\"https:\/\/aappmaverdoncolostre.fr\/index.php\/reglementation\/infractions\/\" \/>\n<meta property=\"og:locale\" content=\"fr_FR\" \/>\n<meta property=\"og:type\" content=\"article\" \/>\n<meta property=\"og:title\" content=\"Infractions - AAPPMA Verdon Colostre\" \/>\n<meta property=\"og:description\" content=\"Que faire si vous constatez une infraction (Pollution, non-respect de la loi p\u00eache, non-respect de d\u00e9bit minimum) La pr\u00e9servation de nos rivi\u00e8res est l&#8217;affaire de tous. Vous-m\u00eame, p\u00eacheurs, lors de l&#8217;achat de votre carte de p\u00eache, vous devenez membre actif de l&#8217;AAPPMA Verdon Colostre \u00e0 laquelle vous adh\u00e9rez. Il est d\u00e8s lors de votre devoir [&hellip;]\" \/>\n<meta property=\"og:url\" content=\"https:\/\/aappmaverdoncolostre.fr\/index.php\/reglementation\/infractions\/\" \/>\n<meta property=\"og:site_name\" content=\"AAPPMA Verdon Colostre\" \/>\n<meta property=\"article:modified_time\" content=\"2020-02-09T20:05:04+00:00\" \/>\n<meta name=\"twitter:card\" content=\"summary_large_image\" \/>\n<script type=\"application\/ld+json\" class=\"yoast-schema-graph\">{\"@context\":\"https:\/\/schema.org\",\"@graph\":[{\"@type\":\"WebSite\",\"@id\":\"https:\/\/aappmaverdoncolostre.fr\/#website\",\"url\":\"https:\/\/aappmaverdoncolostre.fr\/\",\"name\":\"AAPPMA Verdon Colostre\",\"description\":\"P\\u00eacher dans le Verdon\",\"potentialAction\":[{\"@type\":\"SearchAction\",\"target\":\"https:\/\/aappmaverdoncolostre.fr\/?s={search_term_string}\",\"query-input\":\"required name=search_term_string\"}],\"inLanguage\":\"fr-FR\"},{\"@type\":\"WebPage\",\"@id\":\"https:\/\/aappmaverdoncolostre.fr\/index.php\/reglementation\/infractions\/#webpage\",\"url\":\"https:\/\/aappmaverdoncolostre.fr\/index.php\/reglementation\/infractions\/\",\"name\":\"Infractions - AAPPMA Verdon Colostre\",\"isPartOf\":{\"@id\":\"https:\/\/aappmaverdoncolostre.fr\/#website\"},\"datePublished\":\"2018-03-16T11:14:34+00:00\",\"dateModified\":\"2020-02-09T20:05:04+00:00\",\"inLanguage\":\"fr-FR\",\"potentialAction\":[{\"@type\":\"ReadAction\",\"target\":[\"https:\/\/aappmaverdoncolostre.fr\/index.php\/reglementation\/infractions\/\"]}]}]}<\/script>\n<!-- \/ Yoast SEO plugin. -->","_links":{"self":[{"href":"https:\/\/aappmaverdoncolostre.fr\/index.php\/wp-json\/wp\/v2\/pages\/960"}],"collection":[{"href":"https:\/\/aappmaverdoncolostre.fr\/index.php\/wp-json\/wp\/v2\/pages"}],"about":[{"href":"https:\/\/aappmaverdoncolostre.fr\/index.php\/wp-json\/wp\/v2\/types\/page"}],"author":[{"embeddable":true,"href":"https:\/\/aappmaverdoncolostre.fr\/index.php\/wp-json\/wp\/v2\/users\/1"}],"replies":[{"embeddable":true,"href":"https:\/\/aappmaverdoncolostre.fr\/index.php\/wp-json\/wp\/v2\/comments?post=960"}],"version-history":[{"count":8,"href":"https:\/\/aappmaverdoncolostre.fr\/index.php\/wp-json\/wp\/v2\/pages\/960\/revisions"}],"predecessor-version":[{"id":2113,"href":"https:\/\/aappmaverdoncolostre.fr\/index.php\/wp-json\/wp\/v2\/pages\/960\/revisions\/2113"}],"up":[{"embeddable":true,"href":"https:\/\/aappmaverdoncolostre.fr\/index.php\/wp-json\/wp\/v2\/pages\/258"}],"wp:attachment":[{"href":"https:\/\/aappmaverdoncolostre.fr\/index.php\/wp-json\/wp\/v2\/media?parent=960"}],"curies":[{"name":"wp","href":"https:\/\/api.w.org\/{rel}","templated":true}]}}